{"id":14566,"date":"2023-10-24T18:28:25","date_gmt":"2023-10-24T16:28:25","guid":{"rendered":"http:\/\/oliveraieducoudon.com\/?post_type=product&#038;p=14566"},"modified":"2023-11-19T13:33:20","modified_gmt":"2023-11-19T12:33:20","slug":"100-issus-de-fruit-a-la-reine-claude-bio","status":"publish","type":"product","link":"https:\/\/oliveraieducoudon.com\/?product=100-issus-de-fruit-a-la-reine-claude-bio","title":{"rendered":"100% issus de fruit a la reine claude BIO"},"content":{"rendered":"<p>100% issus de fruit a la reine claude BIO<\/p>\n<p>produit issu de l\u2019agriculture biologique<\/p>\n<p>Faible indice glyc\u00e9mique<br \/>\nComme une confiture all\u00e9g\u00e9e : notre gamme 100% issus de fruits<br \/>\nL\u00e9galement, nous ne pouvons pas l&rsquo;appeler \u00ab\u00a0Confiture all\u00e9g\u00e9e\u00a0\u00bb ou \u00ab\u00a0Confiture light\u00a0\u00bb car elle est en dessous du taux de sucre de 55 impos\u00e9 par la r\u00e8glementation sur les confitures. N\u00e9anmoins, ce produit all\u00e9g\u00e9 en sucre est tr\u00e8s proche de la confiture car sucr\u00e9 avec du concentr\u00e9 de fruit naturel \u00e0 la place du sucre de canne.Ces pr\u00e9parations vous offrent les m\u00eames avantages que nos confitures traditionnelles mais vous en \u00e9pargnent les inconv\u00e9nients puisqu&rsquo;elles sont all\u00e9g\u00e9es en sucre. Un atout sant\u00e9 en bien-\u00eatre ind\u00e9niable !<\/p>\n<p>Mati\u00e8res premi\u00e8res : Reine-Claude* 69.9%\u2013 concentr\u00e9 de jus de pommes*<br \/>\n*Issus de l\u2019agriculture biologique<br \/>\nNotre 100% issus de fruit \u00e0 la reine-claude est pr\u00e9par\u00e9e avec 69.9g de fruits pour 100g.<br \/>\nTeneur totale en sucre env. 33g pour 100g.<\/p>\n<p>Nos produits sont certifi\u00e9s issus de l\u2019agriculture BIOLOGIQUE par l\u2019organisme<br \/>\ncertificateur QUALISUD (FR-BIO-16) qui effectue des contr\u00f4les r\u00e9guliers chaque<br \/>\nann\u00e9e.<\/p>\n<p>100g 30g<br \/>\nEnergie kcal 136,1 40,8<br \/>\nEnergie kJ 577,4 173,2<br \/>\nMati\u00e8res grasses 0,1 0,0<br \/>\nDont acides gras satur\u00e9s 0,0 0,0<br \/>\nGlucides 33,0 9,9<br \/>\nDont sucres 28,8 9,0<br \/>\nFibres alimentaires 2,2 0,9<br \/>\nProt\u00e9ines 0,9 0,1<br \/>\nSel 0,0 0,0<\/p>\n<p>Conseils d\u2019utilisation :<br \/>\nVous pouvez d\u00e9guster notre 100% issus de fruit \u00e0 la reine-claude au petit d\u00e9jeuner ou au go\u00fbter sur une tranche de pain beurr\u00e9e ou non, selon votre go\u00fbt.<br \/>\nNotre 100% issus de fruit \u00e0 la reine-claude peut aussi \u00eatre utilis\u00e9 en p\u00e2tisserie dans des g\u00e2teaux, des fondants, sur des b\u00fbches, pour fourrer des g\u00e2teaux ou des roul\u00e9s, en fond de<br \/>\ntarte&#8230;<\/p>\n<p>&nbsp;<\/p>\n","protected":false},"excerpt":{"rendered":"<p>100% issus de fruit a la reine claude BIO produit issu de l\u2019agriculture biologique Faible indice glyc\u00e9mique Comme une confiture all\u00e9g\u00e9e : notre gamme 100% issus de fruits L\u00e9galement, nous ne pouvons pas l&rsquo;appeler \u00ab\u00a0Confiture all\u00e9g\u00e9e\u00a0\u00bb ou \u00ab\u00a0Confiture light\u00a0\u00bb car elle est en dessous du taux de sucre de 55 impos\u00e9 par la r\u00e8glementation sur [&hellip;]<\/p>\n","protected":false},"featured_media":16566,"comment_status":"open","ping_status":"closed","template":"","meta":{"om_disable_all_campaigns":false,"_monsterinsights_skip_tracking":false,"_monsterinsights_sitenote_active":false,"_monsterinsights_sitenote_note":"","_monsterinsights_sitenote_category":0,"ocean_post_layout":"","ocean_both_sidebars_style":"","ocean_both_sidebars_content_width":0,"ocean_both_sidebars_sidebars_width":0,"ocean_sidebar":"0","ocean_second_sidebar":"0","ocean_disable_margins":"enable","ocean_add_body_class":"","ocean_shortcode_before_top_bar":"","ocean_shortcode_after_top_bar":"","ocean_shortcode_before_header":"","ocean_shortcode_after_header":"","ocean_has_shortcode":"","ocean_shortcode_after_title":"","ocean_shortcode_before_footer_widgets":"","ocean_shortcode_after_footer_widgets":"","ocean_shortcode_before_footer_bottom":"","ocean_shortcode_after_footer_bottom":"","ocean_display_top_bar":"default","ocean_display_header":"default","ocean_header_style":"","ocean_center_header_left_menu":"0","ocean_custom_header_template":"0","ocean_custom_logo":0,"ocean_custom_retina_logo":0,"ocean_custom_logo_max_width":0,"ocean_custom_logo_tablet_max_width":0,"ocean_custom_logo_mobile_max_width":0,"ocean_custom_logo_max_height":0,"ocean_custom_logo_tablet_max_height":0,"ocean_custom_logo_mobile_max_height":0,"ocean_header_custom_menu":"0","ocean_menu_typo_font_family":"0","ocean_menu_typo_font_subset":"","ocean_menu_typo_font_size":0,"ocean_menu_typo_font_size_tablet":0,"ocean_menu_typo_font_size_mobile":0,"ocean_menu_typo_font_size_unit":"px","ocean_menu_typo_font_weight":"","ocean_menu_typo_font_weight_tablet":"","ocean_menu_typo_font_weight_mobile":"","ocean_menu_typo_transform":"","ocean_menu_typo_transform_tablet":"","ocean_menu_typo_transform_mobile":"","ocean_menu_typo_line_height":0,"ocean_menu_typo_line_height_tablet":0,"ocean_menu_typo_line_height_mobile":0,"ocean_menu_typo_line_height_unit":"","ocean_menu_typo_spacing":0,"ocean_menu_typo_spacing_tablet":0,"ocean_menu_typo_spacing_mobile":0,"ocean_menu_typo_spacing_unit":"","ocean_menu_link_color":"","ocean_menu_link_color_hover":"","ocean_menu_link_color_active":"","ocean_menu_link_background":"","ocean_menu_link_hover_background":"","ocean_menu_link_active_background":"","ocean_menu_social_links_bg":"","ocean_menu_social_hover_links_bg":"","ocean_menu_social_links_color":"","ocean_menu_social_hover_links_color":"","ocean_disable_title":"default","ocean_disable_heading":"default","ocean_post_title":"","ocean_post_subheading":"","ocean_post_title_style":"","ocean_post_title_background_color":"","ocean_post_title_background":0,"ocean_post_title_bg_image_position":"","ocean_post_title_bg_image_attachment":"","ocean_post_title_bg_image_repeat":"","ocean_post_title_bg_image_size":"","ocean_post_title_height":0,"ocean_post_title_bg_overlay":0.5,"ocean_post_title_bg_overlay_color":"","ocean_disable_breadcrumbs":"default","ocean_breadcrumbs_color":"","ocean_breadcrumbs_separator_color":"","ocean_breadcrumbs_links_color":"","ocean_breadcrumbs_links_hover_color":"","ocean_display_footer_widgets":"default","ocean_display_footer_bottom":"default","ocean_custom_footer_template":"0"},"product_brand":[],"product_cat":[45],"product_tag":[],"class_list":{"0":"post-14566","1":"product","2":"type-product","3":"status-publish","4":"has-post-thumbnail","6":"product_cat-les-produits-bio","7":"product_shipping_class-produits-livrables","9":"entry","10":"has-media","12":"first","13":"instock","14":"taxable","15":"shipping-taxable","16":"purchasable","17":"product-type-simple","18":"has-product-nav","19":"col","20":"span_1_of_4","21":"owp-content-center","22":"owp-thumbs-layout-horizontal","23":"owp-btn-big","24":"owp-tabs-layout-vertical","25":"has-no-thumbnails"},"aioseo_notices":[],"jetpack_sharing_enabled":true,"_links":{"self":[{"href":"https:\/\/oliveraieducoudon.com\/index.php?rest_route=\/wp\/v2\/product\/14566","targetHints":{"allow":["GET"]}}],"collection":[{"href":"https:\/\/oliveraieducoudon.com\/index.php?rest_route=\/wp\/v2\/product"}],"about":[{"href":"https:\/\/oliveraieducoudon.com\/index.php?rest_route=\/wp\/v2\/types\/product"}],"replies":[{"embeddable":true,"href":"https:\/\/oliveraieducoudon.com\/index.php?rest_route=%2Fwp%2Fv2%2Fcomments&post=14566"}],"wp:featuredmedia":[{"embeddable":true,"href":"https:\/\/oliveraieducoudon.com\/index.php?rest_route=\/wp\/v2\/media\/16566"}],"wp:attachment":[{"href":"https:\/\/oliveraieducoudon.com\/index.php?rest_route=%2Fwp%2Fv2%2Fmedia&parent=14566"}],"wp:term":[{"taxonomy":"product_brand","embeddable":true,"href":"https:\/\/oliveraieducoudon.com\/index.php?rest_route=%2Fwp%2Fv2%2Fproduct_brand&post=14566"},{"taxonomy":"product_cat","embeddable":true,"href":"https:\/\/oliveraieducoudon.com\/index.php?rest_route=%2Fwp%2Fv2%2Fproduct_cat&post=14566"},{"taxonomy":"product_tag","embeddable":true,"href":"https:\/\/oliveraieducoudon.com\/index.php?rest_route=%2Fwp%2Fv2%2Fproduct_tag&post=14566"}],"curies":[{"name":"wp","href":"https:\/\/api.w.org\/{rel}","templated":true}]}}