{"id":14565,"date":"2023-10-24T18:18:50","date_gmt":"2023-10-24T16:18:50","guid":{"rendered":"http:\/\/oliveraieducoudon.com\/?post_type=product&#038;p=14565"},"modified":"2023-11-19T13:32:28","modified_gmt":"2023-11-19T12:32:28","slug":"puree-de-reines-claude-bio","status":"publish","type":"product","link":"https:\/\/oliveraieducoudon.com\/?product=puree-de-reines-claude-bio","title":{"rendered":"Pur\u00e9e de reines-claude BIO"},"content":{"rendered":"<h3>Pur\u00e9e de reines-claude<\/h3>\n<p>produit issu de l\u2019agriculture biologique<\/p>\n<p>Mati\u00e8res premi\u00e8res : Reine-Claude* 100%<\/p>\n<p>*Issu de l\u2019agriculture biologique<br \/>\nMalgr\u00e9 tous nos soins, ce produit peut contenir des noyaux ou morceaux de noyaux.<\/p>\n<p>Nos produits sont certifi\u00e9s issus de l\u2019agriculture BIOLOGIQUE par l\u2019organisme<br \/>\ncertificateur QUALISUD (FR-BIO-16) qui effectue des contr\u00f4les r\u00e9guliers chaque<br \/>\nann\u00e9e.<\/p>\n<p>Valeurs nutritionnelles moyennes :<\/p>\n<p>100g 30g<br \/>\nEnergie kcal 67,0 20,1<br \/>\nEnergie kJ 283,5 85,0<br \/>\nGraisses 0,1 0,0<br \/>\nDont acides gras satur\u00e9s 0,1 0,0<br \/>\nGlucides 15,0 4,5<br \/>\nDont sucres 13,2 4,0<br \/>\nFibres alimentaires 3,1 0,9<br \/>\nProt\u00e9ines 1,1 0,3<br \/>\nSel 0,0 0,0<\/p>\n<p>Conseils d\u2019utilisation :<br \/>\nVous pouvez d\u00e9guster notre pur\u00e9e de reines-claude au petit d\u00e9jeuner ou au go\u00fbter sur une tranche de pain beurr\u00e9e ou non, selon votre go\u00fbt.<br \/>\nNotre pur\u00e9e de reines-claude peut aussi \u00eatre utilis\u00e9e en p\u00e2tisserie dans des g\u00e2teaux, des fondants, sur des b\u00fbches, pour fourrer des g\u00e2teaux ou des roul\u00e9s, en fond de tarte&#8230;<\/p>\n","protected":false},"excerpt":{"rendered":"<p>Pur\u00e9e de reines-claude produit issu de l\u2019agriculture biologique Mati\u00e8res premi\u00e8res : Reine-Claude* 100% *Issu de l\u2019agriculture biologique Malgr\u00e9 tous nos soins, ce produit peut contenir des noyaux ou morceaux de noyaux. Nos produits sont certifi\u00e9s issus de l\u2019agriculture BIOLOGIQUE par l\u2019organisme certificateur QUALISUD (FR-BIO-16) qui effectue des contr\u00f4les r\u00e9guliers chaque ann\u00e9e. Valeurs nutritionnelles moyennes : [&hellip;]<\/p>\n","protected":false},"featured_media":16566,"comment_status":"open","ping_status":"closed","template":"","meta":{"om_disable_all_campaigns":false,"_monsterinsights_skip_tracking":false,"_monsterinsights_sitenote_active":false,"_monsterinsights_sitenote_note":"","_monsterinsights_sitenote_category":0,"ocean_post_layout":"","ocean_both_sidebars_style":"","ocean_both_sidebars_content_width":0,"ocean_both_sidebars_sidebars_width":0,"ocean_sidebar":"0","ocean_second_sidebar":"0","ocean_disable_margins":"enable","ocean_add_body_class":"","ocean_shortcode_before_top_bar":"","ocean_shortcode_after_top_bar":"","ocean_shortcode_before_header":"","ocean_shortcode_after_header":"","ocean_has_shortcode":"","ocean_shortcode_after_title":"","ocean_shortcode_before_footer_widgets":"","ocean_shortcode_after_footer_widgets":"","ocean_shortcode_before_footer_bottom":"","ocean_shortcode_after_footer_bottom":"","ocean_display_top_bar":"default","ocean_display_header":"default","ocean_header_style":"","ocean_center_header_left_menu":"0","ocean_custom_header_template":"0","ocean_custom_logo":0,"ocean_custom_retina_logo":0,"ocean_custom_logo_max_width":0,"ocean_custom_logo_tablet_max_width":0,"ocean_custom_logo_mobile_max_width":0,"ocean_custom_logo_max_height":0,"ocean_custom_logo_tablet_max_height":0,"ocean_custom_logo_mobile_max_height":0,"ocean_header_custom_menu":"0","ocean_menu_typo_font_family":"0","ocean_menu_typo_font_subset":"","ocean_menu_typo_font_size":0,"ocean_menu_typo_font_size_tablet":0,"ocean_menu_typo_font_size_mobile":0,"ocean_menu_typo_font_size_unit":"px","ocean_menu_typo_font_weight":"","ocean_menu_typo_font_weight_tablet":"","ocean_menu_typo_font_weight_mobile":"","ocean_menu_typo_transform":"","ocean_menu_typo_transform_tablet":"","ocean_menu_typo_transform_mobile":"","ocean_menu_typo_line_height":0,"ocean_menu_typo_line_height_tablet":0,"ocean_menu_typo_line_height_mobile":0,"ocean_menu_typo_line_height_unit":"","ocean_menu_typo_spacing":0,"ocean_menu_typo_spacing_tablet":0,"ocean_menu_typo_spacing_mobile":0,"ocean_menu_typo_spacing_unit":"","ocean_menu_link_color":"","ocean_menu_link_color_hover":"","ocean_menu_link_color_active":"","ocean_menu_link_background":"","ocean_menu_link_hover_background":"","ocean_menu_link_active_background":"","ocean_menu_social_links_bg":"","ocean_menu_social_hover_links_bg":"","ocean_menu_social_links_color":"","ocean_menu_social_hover_links_color":"","ocean_disable_title":"default","ocean_disable_heading":"default","ocean_post_title":"","ocean_post_subheading":"","ocean_post_title_style":"","ocean_post_title_background_color":"","ocean_post_title_background":0,"ocean_post_title_bg_image_position":"","ocean_post_title_bg_image_attachment":"","ocean_post_title_bg_image_repeat":"","ocean_post_title_bg_image_size":"","ocean_post_title_height":0,"ocean_post_title_bg_overlay":0.5,"ocean_post_title_bg_overlay_color":"","ocean_disable_breadcrumbs":"default","ocean_breadcrumbs_color":"","ocean_breadcrumbs_separator_color":"","ocean_breadcrumbs_links_color":"","ocean_breadcrumbs_links_hover_color":"","ocean_display_footer_widgets":"default","ocean_display_footer_bottom":"default","ocean_custom_footer_template":"0"},"product_brand":[],"product_cat":[45],"product_tag":[],"class_list":{"0":"post-14565","1":"product","2":"type-product","3":"status-publish","4":"has-post-thumbnail","6":"product_cat-les-produits-bio","7":"product_shipping_class-produits-livrables","9":"entry","10":"has-media","12":"first","13":"instock","14":"taxable","15":"shipping-taxable","16":"purchasable","17":"product-type-simple","18":"has-product-nav","19":"col","20":"span_1_of_4","21":"owp-content-center","22":"owp-thumbs-layout-horizontal","23":"owp-btn-big","24":"owp-tabs-layout-vertical","25":"has-no-thumbnails"},"aioseo_notices":[],"jetpack_sharing_enabled":true,"_links":{"self":[{"href":"https:\/\/oliveraieducoudon.com\/index.php?rest_route=\/wp\/v2\/product\/14565","targetHints":{"allow":["GET"]}}],"collection":[{"href":"https:\/\/oliveraieducoudon.com\/index.php?rest_route=\/wp\/v2\/product"}],"about":[{"href":"https:\/\/oliveraieducoudon.com\/index.php?rest_route=\/wp\/v2\/types\/product"}],"replies":[{"embeddable":true,"href":"https:\/\/oliveraieducoudon.com\/index.php?rest_route=%2Fwp%2Fv2%2Fcomments&post=14565"}],"wp:featuredmedia":[{"embeddable":true,"href":"https:\/\/oliveraieducoudon.com\/index.php?rest_route=\/wp\/v2\/media\/16566"}],"wp:attachment":[{"href":"https:\/\/oliveraieducoudon.com\/index.php?rest_route=%2Fwp%2Fv2%2Fmedia&parent=14565"}],"wp:term":[{"taxonomy":"product_brand","embeddable":true,"href":"https:\/\/oliveraieducoudon.com\/index.php?rest_route=%2Fwp%2Fv2%2Fproduct_brand&post=14565"},{"taxonomy":"product_cat","embeddable":true,"href":"https:\/\/oliveraieducoudon.com\/index.php?rest_route=%2Fwp%2Fv2%2Fproduct_cat&post=14565"},{"taxonomy":"product_tag","embeddable":true,"href":"https:\/\/oliveraieducoudon.com\/index.php?rest_route=%2Fwp%2Fv2%2Fproduct_tag&post=14565"}],"curies":[{"name":"wp","href":"https:\/\/api.w.org\/{rel}","templated":true}]}}