{"id":14535,"date":"2023-10-24T16:23:58","date_gmt":"2023-10-24T14:23:58","guid":{"rendered":"http:\/\/oliveraieducoudon.com\/?post_type=product&#038;p=14535"},"modified":"2023-11-15T18:22:23","modified_gmt":"2023-11-15T17:22:23","slug":"confiture-de-peche-verveine","status":"publish","type":"product","link":"https:\/\/oliveraieducoudon.com\/?product=confiture-de-peche-verveine","title":{"rendered":"Confiture de p\u00eache verveine"},"content":{"rendered":"<h3><em><strong><span style=\"color: #993366;\">Confiture : Confit de p\u00eache\u00a0verveine\u00a0<\/span><\/strong><\/em><\/h3>\n<p>Petite nouvelle de l&rsquo;\u00e9t\u00e9 2020, la p\u00eache &#8211; verveine c&rsquo;est la confiture rafra\u00eechissante et r\u00e9confortante de l&rsquo;\u00e9t\u00e9 pour revenir d&rsquo;attaque \u00e0 la rentr\u00e9e.<\/p>\n<p class=\"p1\"><span class=\"s1\">La p\u00eache associ\u00e9s \u00e0 la fraicheur de la verveine \u00e0 tartiner au saut du lit sur du pain croustillant avec un bon th\u00e9 fruit\u00e9. Rien de meilleur pour\u00a0commencer une douce journ\u00e9e ensoleill\u00e9e.<\/span><\/p>\n<p><span style=\"color: #993366;\">Ingr\u00e9dients :<\/span>\u00a0p\u00eache, sucre de canne non raffin\u00e9, citron, verveine fraiche<\/p>\n<p>Pr\u00e9par\u00e9 avec 74g de fruits pour 100g de produit fini<br \/>\nTeneur totale en sucres 49g pour 100g<\/p>\n<p>Veuillez prendre connaissance de la liste des ingr\u00e9dients, si vous pr\u00e9sentez des risques d\u2019allergies.<\/p>\n<p><span style=\"color: #993366;\">Valeurs nutritionnelles pour 100g<\/span><br \/>\nValeur \u00e9nerg\u00e9tique 1008 kJ \/ 237 kcal<br \/>\nMati\u00e8re grasse 0.20 g<br \/>\n&#8211; acides gras satur\u00e9s 0.02 g<br \/>\nGlucides 57.50 g<br \/>\ndont sucres 49 g<br \/>\nProt\u00e9ines 0.70 g<br \/>\nSel 0.03 g<\/p>\n<p><span style=\"color: #993366;\">Poids net : <span style=\"color: #000000;\">220g soit 26,81\u20ac\/Kg\u00a0 &#8211;\u00a0 390g soit 17,69\u20ac\/Kg<\/span><\/span><\/p>\n","protected":false},"excerpt":{"rendered":"<p>Confiture : Confit de p\u00eache\u00a0verveine\u00a0 Petite nouvelle de l&rsquo;\u00e9t\u00e9 2020, la p\u00eache &#8211; verveine c&rsquo;est la confiture rafra\u00eechissante et r\u00e9confortante de l&rsquo;\u00e9t\u00e9 pour revenir d&rsquo;attaque \u00e0 la rentr\u00e9e. La p\u00eache associ\u00e9s \u00e0 la fraicheur de la verveine \u00e0 tartiner au saut du lit sur du pain croustillant avec un bon th\u00e9 fruit\u00e9. Rien de meilleur [&hellip;]<\/p>\n","protected":false},"featured_media":14530,"comment_status":"open","ping_status":"closed","template":"","meta":{"om_disable_all_campaigns":false,"_monsterinsights_skip_tracking":false,"_monsterinsights_sitenote_active":false,"_monsterinsights_sitenote_note":"","_monsterinsights_sitenote_category":0,"ocean_post_layout":"","ocean_both_sidebars_style":"","ocean_both_sidebars_content_width":0,"ocean_both_sidebars_sidebars_width":0,"ocean_sidebar":"0","ocean_second_sidebar":"0","ocean_disable_margins":"enable","ocean_add_body_class":"","ocean_shortcode_before_top_bar":"","ocean_shortcode_after_top_bar":"","ocean_shortcode_before_header":"","ocean_shortcode_after_header":"","ocean_has_shortcode":"","ocean_shortcode_after_title":"","ocean_shortcode_before_footer_widgets":"","ocean_shortcode_after_footer_widgets":"","ocean_shortcode_before_footer_bottom":"","ocean_shortcode_after_footer_bottom":"","ocean_display_top_bar":"default","ocean_display_header":"default","ocean_header_style":"","ocean_center_header_left_menu":"0","ocean_custom_header_template":"0","ocean_custom_logo":0,"ocean_custom_retina_logo":0,"ocean_custom_logo_max_width":0,"ocean_custom_logo_tablet_max_width":0,"ocean_custom_logo_mobile_max_width":0,"ocean_custom_logo_max_height":0,"ocean_custom_logo_tablet_max_height":0,"ocean_custom_logo_mobile_max_height":0,"ocean_header_custom_menu":"0","ocean_menu_typo_font_family":"0","ocean_menu_typo_font_subset":"","ocean_menu_typo_font_size":0,"ocean_menu_typo_font_size_tablet":0,"ocean_menu_typo_font_size_mobile":0,"ocean_menu_typo_font_size_unit":"px","ocean_menu_typo_font_weight":"","ocean_menu_typo_font_weight_tablet":"","ocean_menu_typo_font_weight_mobile":"","ocean_menu_typo_transform":"","ocean_menu_typo_transform_tablet":"","ocean_menu_typo_transform_mobile":"","ocean_menu_typo_line_height":0,"ocean_menu_typo_line_height_tablet":0,"ocean_menu_typo_line_height_mobile":0,"ocean_menu_typo_line_height_unit":"","ocean_menu_typo_spacing":0,"ocean_menu_typo_spacing_tablet":0,"ocean_menu_typo_spacing_mobile":0,"ocean_menu_typo_spacing_unit":"","ocean_menu_link_color":"","ocean_menu_link_color_hover":"","ocean_menu_link_color_active":"","ocean_menu_link_background":"","ocean_menu_link_hover_background":"","ocean_menu_link_active_background":"","ocean_menu_social_links_bg":"","ocean_menu_social_hover_links_bg":"","ocean_menu_social_links_color":"","ocean_menu_social_hover_links_color":"","ocean_disable_title":"default","ocean_disable_heading":"default","ocean_post_title":"","ocean_post_subheading":"","ocean_post_title_style":"","ocean_post_title_background_color":"","ocean_post_title_background":0,"ocean_post_title_bg_image_position":"","ocean_post_title_bg_image_attachment":"","ocean_post_title_bg_image_repeat":"","ocean_post_title_bg_image_size":"","ocean_post_title_height":0,"ocean_post_title_bg_overlay":0.5,"ocean_post_title_bg_overlay_color":"","ocean_disable_breadcrumbs":"default","ocean_breadcrumbs_color":"","ocean_breadcrumbs_separator_color":"","ocean_breadcrumbs_links_color":"","ocean_breadcrumbs_links_hover_color":"","ocean_display_footer_widgets":"default","ocean_display_footer_bottom":"default","ocean_custom_footer_template":"0"},"product_brand":[],"product_cat":[37],"product_tag":[],"class_list":{"0":"post-14535","1":"product","2":"type-product","3":"status-publish","4":"has-post-thumbnail","6":"product_cat-confitures","7":"product_shipping_class-produits-livrables","9":"entry","10":"has-media","12":"first","13":"instock","14":"taxable","15":"shipping-taxable","16":"purchasable","17":"product-type-variable","18":"has-product-nav","19":"col","20":"span_1_of_4","21":"owp-content-center","22":"owp-thumbs-layout-horizontal","23":"owp-btn-big","24":"owp-tabs-layout-vertical","25":"has-no-thumbnails"},"aioseo_notices":[],"jetpack_sharing_enabled":true,"_links":{"self":[{"href":"https:\/\/oliveraieducoudon.com\/index.php?rest_route=\/wp\/v2\/product\/14535","targetHints":{"allow":["GET"]}}],"collection":[{"href":"https:\/\/oliveraieducoudon.com\/index.php?rest_route=\/wp\/v2\/product"}],"about":[{"href":"https:\/\/oliveraieducoudon.com\/index.php?rest_route=\/wp\/v2\/types\/product"}],"replies":[{"embeddable":true,"href":"https:\/\/oliveraieducoudon.com\/index.php?rest_route=%2Fwp%2Fv2%2Fcomments&post=14535"}],"wp:featuredmedia":[{"embeddable":true,"href":"https:\/\/oliveraieducoudon.com\/index.php?rest_route=\/wp\/v2\/media\/14530"}],"wp:attachment":[{"href":"https:\/\/oliveraieducoudon.com\/index.php?rest_route=%2Fwp%2Fv2%2Fmedia&parent=14535"}],"wp:term":[{"taxonomy":"product_brand","embeddable":true,"href":"https:\/\/oliveraieducoudon.com\/index.php?rest_route=%2Fwp%2Fv2%2Fproduct_brand&post=14535"},{"taxonomy":"product_cat","embeddable":true,"href":"https:\/\/oliveraieducoudon.com\/index.php?rest_route=%2Fwp%2Fv2%2Fproduct_cat&post=14535"},{"taxonomy":"product_tag","embeddable":true,"href":"https:\/\/oliveraieducoudon.com\/index.php?rest_route=%2Fwp%2Fv2%2Fproduct_tag&post=14535"}],"curies":[{"name":"wp","href":"https:\/\/api.w.org\/{rel}","templated":true}]}}