{"id":14508,"date":"2023-10-24T14:56:21","date_gmt":"2023-10-24T12:56:21","guid":{"rendered":"http:\/\/oliveraieducoudon.com\/?post_type=product&#038;p=14508"},"modified":"2023-11-15T18:23:35","modified_gmt":"2023-11-15T17:23:35","slug":"marmelade-dorange-douce","status":"publish","type":"product","link":"https:\/\/oliveraieducoudon.com\/?product=marmelade-dorange-douce","title":{"rendered":"Marmelade d&rsquo;orange douce"},"content":{"rendered":"<h3><em><strong><span style=\"color: #993366;\">Marmelade d&rsquo;orange douce<\/span><\/strong><\/em><\/h3>\n<p>Les marmelades sont le r\u00e9sultat de la cuisson des fruits (entiers ou coup\u00e9s) avec le sucre dans lequel ils ont mac\u00e9r\u00e9 de 12 \u00e0 24 heures. Retrouvez le go\u00fbt unique des oranges ! \u00a0cette marmelade est pr\u00e9par\u00e9e avec de belles oranges et quelques \u00e9corces, ce qui lui donne toute son amertume. \u00a0Un d\u00e9lice !<\/p>\n<p><span style=\"color: #993366;\">Ingr\u00e9dients:<\/span> orange douce (63.9%), sucre (36.1%)<\/p>\n<p>Pr\u00e9par\u00e9 avec 85g de fruits pour 100g de produit fini<br \/>\nTeneur totale en sucres 55g pour 100 g<\/p>\n<p>\u00e0 conserver au frais apr\u00e8s ouverture<\/p>\n<p><span style=\"color: #993366;\">Valeurs nutritionnelles pour 100g<\/span><br \/>\nValeur \u00e9nerg\u00e9tique 1000 kJ \/ 238 kcal<br \/>\nMati\u00e8re grasse 0.1 g<br \/>\n&#8211; acides gras satur\u00e9s 0 g<br \/>\nGlucides 50 g<br \/>\ndont sucres 50 g<br \/>\nProt\u00e9ines 0.3 g<br \/>\nSel 0 g<\/p>\n<p><span style=\"color: #993366;\">Poids net : <span style=\"color: #000000;\">220g soit 26,81\u20ac\/Kg\u00a0 &#8211;\u00a0 390g soit 17,69\u20ac\/Kg<\/span><\/span><\/p>\n","protected":false},"excerpt":{"rendered":"<p>Marmelade d&rsquo;orange douce Les marmelades sont le r\u00e9sultat de la cuisson des fruits (entiers ou coup\u00e9s) avec le sucre dans lequel ils ont mac\u00e9r\u00e9 de 12 \u00e0 24 heures. Retrouvez le go\u00fbt unique des oranges ! \u00a0cette marmelade est pr\u00e9par\u00e9e avec de belles oranges et quelques \u00e9corces, ce qui lui donne toute son amertume. \u00a0Un [&hellip;]<\/p>\n","protected":false},"featured_media":14511,"comment_status":"open","ping_status":"closed","template":"","meta":{"om_disable_all_campaigns":false,"_monsterinsights_skip_tracking":false,"_monsterinsights_sitenote_active":false,"_monsterinsights_sitenote_note":"","_monsterinsights_sitenote_category":0,"ocean_post_layout":"","ocean_both_sidebars_style":"","ocean_both_sidebars_content_width":0,"ocean_both_sidebars_sidebars_width":0,"ocean_sidebar":"0","ocean_second_sidebar":"0","ocean_disable_margins":"enable","ocean_add_body_class":"","ocean_shortcode_before_top_bar":"","ocean_shortcode_after_top_bar":"","ocean_shortcode_before_header":"","ocean_shortcode_after_header":"","ocean_has_shortcode":"","ocean_shortcode_after_title":"","ocean_shortcode_before_footer_widgets":"","ocean_shortcode_after_footer_widgets":"","ocean_shortcode_before_footer_bottom":"","ocean_shortcode_after_footer_bottom":"","ocean_display_top_bar":"default","ocean_display_header":"default","ocean_header_style":"","ocean_center_header_left_menu":"0","ocean_custom_header_template":"0","ocean_custom_logo":0,"ocean_custom_retina_logo":0,"ocean_custom_logo_max_width":0,"ocean_custom_logo_tablet_max_width":0,"ocean_custom_logo_mobile_max_width":0,"ocean_custom_logo_max_height":0,"ocean_custom_logo_tablet_max_height":0,"ocean_custom_logo_mobile_max_height":0,"ocean_header_custom_menu":"0","ocean_menu_typo_font_family":"0","ocean_menu_typo_font_subset":"","ocean_menu_typo_font_size":0,"ocean_menu_typo_font_size_tablet":0,"ocean_menu_typo_font_size_mobile":0,"ocean_menu_typo_font_size_unit":"px","ocean_menu_typo_font_weight":"","ocean_menu_typo_font_weight_tablet":"","ocean_menu_typo_font_weight_mobile":"","ocean_menu_typo_transform":"","ocean_menu_typo_transform_tablet":"","ocean_menu_typo_transform_mobile":"","ocean_menu_typo_line_height":0,"ocean_menu_typo_line_height_tablet":0,"ocean_menu_typo_line_height_mobile":0,"ocean_menu_typo_line_height_unit":"","ocean_menu_typo_spacing":0,"ocean_menu_typo_spacing_tablet":0,"ocean_menu_typo_spacing_mobile":0,"ocean_menu_typo_spacing_unit":"","ocean_menu_link_color":"","ocean_menu_link_color_hover":"","ocean_menu_link_color_active":"","ocean_menu_link_background":"","ocean_menu_link_hover_background":"","ocean_menu_link_active_background":"","ocean_menu_social_links_bg":"","ocean_menu_social_hover_links_bg":"","ocean_menu_social_links_color":"","ocean_menu_social_hover_links_color":"","ocean_disable_title":"default","ocean_disable_heading":"default","ocean_post_title":"","ocean_post_subheading":"","ocean_post_title_style":"","ocean_post_title_background_color":"","ocean_post_title_background":0,"ocean_post_title_bg_image_position":"","ocean_post_title_bg_image_attachment":"","ocean_post_title_bg_image_repeat":"","ocean_post_title_bg_image_size":"","ocean_post_title_height":0,"ocean_post_title_bg_overlay":0.5,"ocean_post_title_bg_overlay_color":"","ocean_disable_breadcrumbs":"default","ocean_breadcrumbs_color":"","ocean_breadcrumbs_separator_color":"","ocean_breadcrumbs_links_color":"","ocean_breadcrumbs_links_hover_color":"","ocean_display_footer_widgets":"default","ocean_display_footer_bottom":"default","ocean_custom_footer_template":"0"},"product_brand":[],"product_cat":[37],"product_tag":[],"class_list":{"0":"post-14508","1":"product","2":"type-product","3":"status-publish","4":"has-post-thumbnail","6":"product_cat-confitures","7":"product_shipping_class-produits-livrables","9":"entry","10":"has-media","12":"first","13":"instock","14":"taxable","15":"shipping-taxable","16":"purchasable","17":"product-type-variable","18":"has-product-nav","19":"col","20":"span_1_of_4","21":"owp-content-center","22":"owp-thumbs-layout-horizontal","23":"owp-btn-big","24":"owp-tabs-layout-vertical","25":"has-no-thumbnails"},"aioseo_notices":[],"jetpack_sharing_enabled":true,"_links":{"self":[{"href":"https:\/\/oliveraieducoudon.com\/index.php?rest_route=\/wp\/v2\/product\/14508","targetHints":{"allow":["GET"]}}],"collection":[{"href":"https:\/\/oliveraieducoudon.com\/index.php?rest_route=\/wp\/v2\/product"}],"about":[{"href":"https:\/\/oliveraieducoudon.com\/index.php?rest_route=\/wp\/v2\/types\/product"}],"replies":[{"embeddable":true,"href":"https:\/\/oliveraieducoudon.com\/index.php?rest_route=%2Fwp%2Fv2%2Fcomments&post=14508"}],"wp:featuredmedia":[{"embeddable":true,"href":"https:\/\/oliveraieducoudon.com\/index.php?rest_route=\/wp\/v2\/media\/14511"}],"wp:attachment":[{"href":"https:\/\/oliveraieducoudon.com\/index.php?rest_route=%2Fwp%2Fv2%2Fmedia&parent=14508"}],"wp:term":[{"taxonomy":"product_brand","embeddable":true,"href":"https:\/\/oliveraieducoudon.com\/index.php?rest_route=%2Fwp%2Fv2%2Fproduct_brand&post=14508"},{"taxonomy":"product_cat","embeddable":true,"href":"https:\/\/oliveraieducoudon.com\/index.php?rest_route=%2Fwp%2Fv2%2Fproduct_cat&post=14508"},{"taxonomy":"product_tag","embeddable":true,"href":"https:\/\/oliveraieducoudon.com\/index.php?rest_route=%2Fwp%2Fv2%2Fproduct_tag&post=14508"}],"curies":[{"name":"wp","href":"https:\/\/api.w.org\/{rel}","templated":true}]}}