{"id":14475,"date":"2023-10-24T12:16:36","date_gmt":"2023-10-24T10:16:36","guid":{"rendered":"http:\/\/oliveraieducoudon.com\/?post_type=product&#038;p=14475"},"modified":"2023-11-15T18:25:48","modified_gmt":"2023-11-15T17:25:48","slug":"compote-pomme-banane","status":"publish","type":"product","link":"https:\/\/oliveraieducoudon.com\/?product=compote-pomme-banane","title":{"rendered":"Compote pomme banane"},"content":{"rendered":"<h3><span style=\"color: #339966;\"><em><strong>Compote pomme banane<\/strong><\/em><\/span><\/h3>\n<p>Une r\u00e9alisation sp\u00e9ciale pour les enfants.<br \/>\nLa compote pomme banane, un d\u00e9lice !<br \/>\nIl y a quoi dedans ?<br \/>\nPomme 60% Banane 40%<\/p>\n<p><span style=\"color: #339966;\"><strong>Ingr\u00e9dients<\/strong> <\/span>: pomme (), banane (), sucre()<br \/>\nTeneur total en fruits 90g pour 100g de confiture<br \/>\nTeneur total en sucres 30g pour 100 g<\/p>\n<p><span style=\"color: #339966;\">Valeurs nutritionnelles pour 100g<\/span><\/p>\n<p>Valeur \u00e9nerg\u00e9tique 283 kJ \/ 66 kcal<br \/>\nMati\u00e8re grasse 0.2 g<br \/>\n&#8211; acides gras satur\u00e9s 0 g<br \/>\nGlucides 36 g<br \/>\ndont sucres 30 g<br \/>\nProt\u00e9ines 0.2 g<br \/>\nSel 0.00 g<\/p>\n<p><span style=\"color: #339966;\">Poids net :<\/span> \u00a0390g soit 15,25\u20ac\/ Kg<\/p>\n<p>&nbsp;<\/p>\n","protected":false},"excerpt":{"rendered":"<p>Compote pomme banane Une r\u00e9alisation sp\u00e9ciale pour les enfants. La compote pomme banane, un d\u00e9lice ! Il y a quoi dedans ? Pomme 60% Banane 40% Ingr\u00e9dients : pomme (), banane (), sucre() Teneur total en fruits 90g pour 100g de confiture Teneur total en sucres 30g pour 100 g Valeurs nutritionnelles pour 100g Valeur [&hellip;]<\/p>\n","protected":false},"featured_media":14477,"comment_status":"open","ping_status":"closed","template":"","meta":{"om_disable_all_campaigns":false,"_monsterinsights_skip_tracking":false,"_monsterinsights_sitenote_active":false,"_monsterinsights_sitenote_note":"","_monsterinsights_sitenote_category":0,"ocean_post_layout":"","ocean_both_sidebars_style":"","ocean_both_sidebars_content_width":0,"ocean_both_sidebars_sidebars_width":0,"ocean_sidebar":"0","ocean_second_sidebar":"0","ocean_disable_margins":"enable","ocean_add_body_class":"","ocean_shortcode_before_top_bar":"","ocean_shortcode_after_top_bar":"","ocean_shortcode_before_header":"","ocean_shortcode_after_header":"","ocean_has_shortcode":"","ocean_shortcode_after_title":"","ocean_shortcode_before_footer_widgets":"","ocean_shortcode_after_footer_widgets":"","ocean_shortcode_before_footer_bottom":"","ocean_shortcode_after_footer_bottom":"","ocean_display_top_bar":"default","ocean_display_header":"default","ocean_header_style":"","ocean_center_header_left_menu":"0","ocean_custom_header_template":"0","ocean_custom_logo":0,"ocean_custom_retina_logo":0,"ocean_custom_logo_max_width":0,"ocean_custom_logo_tablet_max_width":0,"ocean_custom_logo_mobile_max_width":0,"ocean_custom_logo_max_height":0,"ocean_custom_logo_tablet_max_height":0,"ocean_custom_logo_mobile_max_height":0,"ocean_header_custom_menu":"0","ocean_menu_typo_font_family":"0","ocean_menu_typo_font_subset":"","ocean_menu_typo_font_size":0,"ocean_menu_typo_font_size_tablet":0,"ocean_menu_typo_font_size_mobile":0,"ocean_menu_typo_font_size_unit":"px","ocean_menu_typo_font_weight":"","ocean_menu_typo_font_weight_tablet":"","ocean_menu_typo_font_weight_mobile":"","ocean_menu_typo_transform":"","ocean_menu_typo_transform_tablet":"","ocean_menu_typo_transform_mobile":"","ocean_menu_typo_line_height":0,"ocean_menu_typo_line_height_tablet":0,"ocean_menu_typo_line_height_mobile":0,"ocean_menu_typo_line_height_unit":"","ocean_menu_typo_spacing":0,"ocean_menu_typo_spacing_tablet":0,"ocean_menu_typo_spacing_mobile":0,"ocean_menu_typo_spacing_unit":"","ocean_menu_link_color":"","ocean_menu_link_color_hover":"","ocean_menu_link_color_active":"","ocean_menu_link_background":"","ocean_menu_link_hover_background":"","ocean_menu_link_active_background":"","ocean_menu_social_links_bg":"","ocean_menu_social_hover_links_bg":"","ocean_menu_social_links_color":"","ocean_menu_social_hover_links_color":"","ocean_disable_title":"default","ocean_disable_heading":"default","ocean_post_title":"","ocean_post_subheading":"","ocean_post_title_style":"","ocean_post_title_background_color":"","ocean_post_title_background":0,"ocean_post_title_bg_image_position":"","ocean_post_title_bg_image_attachment":"","ocean_post_title_bg_image_repeat":"","ocean_post_title_bg_image_size":"","ocean_post_title_height":0,"ocean_post_title_bg_overlay":0.5,"ocean_post_title_bg_overlay_color":"","ocean_disable_breadcrumbs":"default","ocean_breadcrumbs_color":"","ocean_breadcrumbs_separator_color":"","ocean_breadcrumbs_links_color":"","ocean_breadcrumbs_links_hover_color":"","ocean_display_footer_widgets":"default","ocean_display_footer_bottom":"default","ocean_custom_footer_template":"0"},"product_brand":[],"product_cat":[36],"product_tag":[],"class_list":{"0":"post-14475","1":"product","2":"type-product","3":"status-publish","4":"has-post-thumbnail","6":"product_cat-compotes-et-purees-de-fruits","7":"product_shipping_class-produits-livrables","9":"entry","10":"has-media","12":"first","13":"instock","14":"taxable","15":"shipping-taxable","16":"purchasable","17":"product-type-variable","18":"has-product-nav","19":"col","20":"span_1_of_4","21":"owp-content-center","22":"owp-thumbs-layout-horizontal","23":"owp-btn-big","24":"owp-tabs-layout-vertical","25":"has-no-thumbnails"},"aioseo_notices":[],"jetpack_sharing_enabled":true,"_links":{"self":[{"href":"https:\/\/oliveraieducoudon.com\/index.php?rest_route=\/wp\/v2\/product\/14475","targetHints":{"allow":["GET"]}}],"collection":[{"href":"https:\/\/oliveraieducoudon.com\/index.php?rest_route=\/wp\/v2\/product"}],"about":[{"href":"https:\/\/oliveraieducoudon.com\/index.php?rest_route=\/wp\/v2\/types\/product"}],"replies":[{"embeddable":true,"href":"https:\/\/oliveraieducoudon.com\/index.php?rest_route=%2Fwp%2Fv2%2Fcomments&post=14475"}],"wp:featuredmedia":[{"embeddable":true,"href":"https:\/\/oliveraieducoudon.com\/index.php?rest_route=\/wp\/v2\/media\/14477"}],"wp:attachment":[{"href":"https:\/\/oliveraieducoudon.com\/index.php?rest_route=%2Fwp%2Fv2%2Fmedia&parent=14475"}],"wp:term":[{"taxonomy":"product_brand","embeddable":true,"href":"https:\/\/oliveraieducoudon.com\/index.php?rest_route=%2Fwp%2Fv2%2Fproduct_brand&post=14475"},{"taxonomy":"product_cat","embeddable":true,"href":"https:\/\/oliveraieducoudon.com\/index.php?rest_route=%2Fwp%2Fv2%2Fproduct_cat&post=14475"},{"taxonomy":"product_tag","embeddable":true,"href":"https:\/\/oliveraieducoudon.com\/index.php?rest_route=%2Fwp%2Fv2%2Fproduct_tag&post=14475"}],"curies":[{"name":"wp","href":"https:\/\/api.w.org\/{rel}","templated":true}]}}