{"id":14449,"date":"2023-10-23T16:32:14","date_gmt":"2023-10-23T14:32:14","guid":{"rendered":"http:\/\/oliveraieducoudon.com\/?post_type=product&#038;p=14449"},"modified":"2023-11-15T18:27:00","modified_gmt":"2023-11-15T17:27:00","slug":"gingembre-au-combava","status":"publish","type":"product","link":"https:\/\/oliveraieducoudon.com\/?product=gingembre-au-combava","title":{"rendered":"Gingembre au Combava"},"content":{"rendered":"<p><strong>Gingembre et Combava du Domaine de l&rsquo;Oliveraie du Coudon<\/strong><\/p>\n<p>Ingr\u00e9dients : gingembre 80%, combava 9%, sel, huile<\/p>\n<p>Un subtil m\u00e9lange de gingembre et de combava pour agr\u00e9menter vos poissons vos viandes blanches ainsi qu &lsquo;en assaisonnement ajout\u00e9 \u00e0 la vinaigrette, ou dans un bouillon de l\u00e9gumes.<\/p>\n<p>Il se d\u00e9guste aussi sur des toasts \u00e0 l&rsquo;ap\u00e9ritif, il surprendra vos convives !<\/p>\n<p>Poids net : 200g\u00a0soit 39\u20ac\/ Kg<\/p>\n<p>A conserver au frais apr\u00e8s ouverture<\/p>\n<p>Ce condiments aux \u00e9pices de Madagascar saura relever vos plats pour le rendre original et exquis.<\/p>\n<p><strong>D\u00e9gustation :<\/strong><br \/>\n&#8211; M\u00e9lang\u00e9 ou directement sur une tartine, vous voyagerez quelques instants \u00e0 Madagascar.<\/p>\n<p>sur poisson,sauce,viande blanche,ou toast<br \/>\nUne exp\u00e9rience culinaire \u00e0 ne pas manquer !<\/p>\n<p>&nbsp;<\/p>\n<p>Valeur \u00e9nerg\u00e9tique 1400 kJ \/ 332 kcal<br \/>\nMati\u00e8re grasse 4.24 g<br \/>\n&#8211; acides gras satur\u00e9s 2.6 g<br \/>\nGlucides 57.5 g<br \/>\ndont sucres 3.34 g<br \/>\nProt\u00e9ines 8.98 g<br \/>\nSel 0.06 g<\/p>\n<p>&nbsp;<\/p>\n","protected":false},"excerpt":{"rendered":"<p>Gingembre et Combava du Domaine de l&rsquo;Oliveraie du Coudon Ingr\u00e9dients : gingembre 80%, combava 9%, sel, huile Un subtil m\u00e9lange de gingembre et de combava pour agr\u00e9menter vos poissons vos viandes blanches ainsi qu &lsquo;en assaisonnement ajout\u00e9 \u00e0 la vinaigrette, ou dans un bouillon de l\u00e9gumes. Il se d\u00e9guste aussi sur des toasts \u00e0 l&rsquo;ap\u00e9ritif, [&hellip;]<\/p>\n","protected":false},"featured_media":14451,"comment_status":"open","ping_status":"closed","template":"","meta":{"om_disable_all_campaigns":false,"_monsterinsights_skip_tracking":false,"_monsterinsights_sitenote_active":false,"_monsterinsights_sitenote_note":"","_monsterinsights_sitenote_category":0,"ocean_post_layout":"","ocean_both_sidebars_style":"","ocean_both_sidebars_content_width":0,"ocean_both_sidebars_sidebars_width":0,"ocean_sidebar":"0","ocean_second_sidebar":"0","ocean_disable_margins":"enable","ocean_add_body_class":"","ocean_shortcode_before_top_bar":"","ocean_shortcode_after_top_bar":"","ocean_shortcode_before_header":"","ocean_shortcode_after_header":"","ocean_has_shortcode":"","ocean_shortcode_after_title":"","ocean_shortcode_before_footer_widgets":"","ocean_shortcode_after_footer_widgets":"","ocean_shortcode_before_footer_bottom":"","ocean_shortcode_after_footer_bottom":"","ocean_display_top_bar":"default","ocean_display_header":"default","ocean_header_style":"","ocean_center_header_left_menu":"0","ocean_custom_header_template":"0","ocean_custom_logo":0,"ocean_custom_retina_logo":0,"ocean_custom_logo_max_width":0,"ocean_custom_logo_tablet_max_width":0,"ocean_custom_logo_mobile_max_width":0,"ocean_custom_logo_max_height":0,"ocean_custom_logo_tablet_max_height":0,"ocean_custom_logo_mobile_max_height":0,"ocean_header_custom_menu":"0","ocean_menu_typo_font_family":"0","ocean_menu_typo_font_subset":"","ocean_menu_typo_font_size":0,"ocean_menu_typo_font_size_tablet":0,"ocean_menu_typo_font_size_mobile":0,"ocean_menu_typo_font_size_unit":"px","ocean_menu_typo_font_weight":"","ocean_menu_typo_font_weight_tablet":"","ocean_menu_typo_font_weight_mobile":"","ocean_menu_typo_transform":"","ocean_menu_typo_transform_tablet":"","ocean_menu_typo_transform_mobile":"","ocean_menu_typo_line_height":0,"ocean_menu_typo_line_height_tablet":0,"ocean_menu_typo_line_height_mobile":0,"ocean_menu_typo_line_height_unit":"","ocean_menu_typo_spacing":0,"ocean_menu_typo_spacing_tablet":0,"ocean_menu_typo_spacing_mobile":0,"ocean_menu_typo_spacing_unit":"","ocean_menu_link_color":"","ocean_menu_link_color_hover":"","ocean_menu_link_color_active":"","ocean_menu_link_background":"","ocean_menu_link_hover_background":"","ocean_menu_link_active_background":"","ocean_menu_social_links_bg":"","ocean_menu_social_hover_links_bg":"","ocean_menu_social_links_color":"","ocean_menu_social_hover_links_color":"","ocean_disable_title":"default","ocean_disable_heading":"default","ocean_post_title":"","ocean_post_subheading":"","ocean_post_title_style":"","ocean_post_title_background_color":"","ocean_post_title_background":0,"ocean_post_title_bg_image_position":"","ocean_post_title_bg_image_attachment":"","ocean_post_title_bg_image_repeat":"","ocean_post_title_bg_image_size":"","ocean_post_title_height":0,"ocean_post_title_bg_overlay":0.5,"ocean_post_title_bg_overlay_color":"","ocean_disable_breadcrumbs":"default","ocean_breadcrumbs_color":"","ocean_breadcrumbs_separator_color":"","ocean_breadcrumbs_links_color":"","ocean_breadcrumbs_links_hover_color":"","ocean_display_footer_widgets":"default","ocean_display_footer_bottom":"default","ocean_custom_footer_template":"0"},"product_brand":[],"product_cat":[38],"product_tag":[],"class_list":{"0":"post-14449","1":"product","2":"type-product","3":"status-publish","4":"has-post-thumbnail","6":"product_cat-preparations-exotiques-condiments","7":"product_shipping_class-produits-livrables","9":"entry","10":"has-media","12":"first","13":"instock","14":"taxable","15":"shipping-taxable","16":"purchasable","17":"product-type-variable","18":"has-product-nav","19":"col","20":"span_1_of_4","21":"owp-content-center","22":"owp-thumbs-layout-horizontal","23":"owp-btn-big","24":"owp-tabs-layout-vertical","25":"has-no-thumbnails"},"aioseo_notices":[],"jetpack_sharing_enabled":true,"_links":{"self":[{"href":"https:\/\/oliveraieducoudon.com\/index.php?rest_route=\/wp\/v2\/product\/14449","targetHints":{"allow":["GET"]}}],"collection":[{"href":"https:\/\/oliveraieducoudon.com\/index.php?rest_route=\/wp\/v2\/product"}],"about":[{"href":"https:\/\/oliveraieducoudon.com\/index.php?rest_route=\/wp\/v2\/types\/product"}],"replies":[{"embeddable":true,"href":"https:\/\/oliveraieducoudon.com\/index.php?rest_route=%2Fwp%2Fv2%2Fcomments&post=14449"}],"wp:featuredmedia":[{"embeddable":true,"href":"https:\/\/oliveraieducoudon.com\/index.php?rest_route=\/wp\/v2\/media\/14451"}],"wp:attachment":[{"href":"https:\/\/oliveraieducoudon.com\/index.php?rest_route=%2Fwp%2Fv2%2Fmedia&parent=14449"}],"wp:term":[{"taxonomy":"product_brand","embeddable":true,"href":"https:\/\/oliveraieducoudon.com\/index.php?rest_route=%2Fwp%2Fv2%2Fproduct_brand&post=14449"},{"taxonomy":"product_cat","embeddable":true,"href":"https:\/\/oliveraieducoudon.com\/index.php?rest_route=%2Fwp%2Fv2%2Fproduct_cat&post=14449"},{"taxonomy":"product_tag","embeddable":true,"href":"https:\/\/oliveraieducoudon.com\/index.php?rest_route=%2Fwp%2Fv2%2Fproduct_tag&post=14449"}],"curies":[{"name":"wp","href":"https:\/\/api.w.org\/{rel}","templated":true}]}}