{"id":14427,"date":"2023-10-23T14:15:38","date_gmt":"2023-10-23T12:15:38","guid":{"rendered":"http:\/\/oliveraieducoudon.com\/?post_type=product&#038;p=14427"},"modified":"2023-11-21T12:03:17","modified_gmt":"2023-11-21T11:03:17","slug":"tmc-pro-clear-uv-55-watt-ultima","status":"publish","type":"product","link":"https:\/\/oliveraieducoudon.com\/?product=tmc-pro-clear-uv-55-watt-ultima","title":{"rendered":"TMC PRO CLEAR UV 55 WATT ULTIMA"},"content":{"rendered":"<p><b><u>UV Simple Action &#8211; 55 WATT<\/u><\/b><\/p>\n<p>UV TMC poss\u00e8de les caract\u00e9ristiques suivantes :<\/p>\n<ul>\n<li>Construction <b>robuste<\/b> et nouveau design ergonomique, vert et noir.<\/li>\n<li>Montage en surface, sur filtre ou mural et fourni avec un kit de fixation murale et un kit de fixation de couvercle de filtre.<\/li>\n<li>Raccord \u00e0 <b>quatre \u00e9tages<\/b> con\u00e7u pour recevoir un tuyau flexible de 1\/2 \u00ab\u00a0\u00e0 11\/4\u00a0\u00bb. Les raccords de tuyau sont maintenus en place avec des colliers \u00e0 vis, permettant la d\u00e9connexion du tuyau, laissant l&rsquo;unit\u00e9 ou le tuyau en place pour <b>faciliter l&rsquo;entretien et la maintenance<\/b>.<\/li>\n<li>Des adaptateurs de tuyau rigide, pour la connexion \u00e0 un tuyau soud\u00e9 au solvant de 40 mm, sont inclus avec l&rsquo;unit\u00e9. Ces adaptateurs sont maintenus en place avec des colliers viss\u00e9s<\/li>\n<li><b>Acc\u00e8s facile <\/b>aux pi\u00e8ces de travail rendant l&rsquo;entretien rapide et facile.<\/li>\n<li>Fourni avec <b>5 m\u00e8tres<\/b> de c\u00e2ble.<\/li>\n<li><b>Garantie compl\u00e8te de 24 mois<\/b> contre tout d\u00e9faut ou panne. Cela couvre toutes les pi\u00e8ces et la main-d&rsquo;\u0153uvre. Cet appareil est fabriqu\u00e9 et <b>conforme aux normes<\/b> BS EN 60335-1 et BS EN 60335- 2-55. Cet appareil est conforme \u00e0 la directive basse tension (s\u00e9curit\u00e9) CEE 73 23.Cet appareil est conforme \u00e0 la directive CEM CEE 89336.<\/li>\n<li><strong><span style=\"color: #0000ff;\">NOUS AVONS D&rsquo;AUTRES UV NOUS CONTACTER POUR DEVIS ET TARIF<\/span><\/strong><\/li>\n<\/ul>\n<p>&nbsp;<\/p>\n","protected":false},"excerpt":{"rendered":"<p>UV Simple Action &#8211; 55 WATT UV TMC poss\u00e8de les caract\u00e9ristiques suivantes : Construction robuste et nouveau design ergonomique, vert et noir. Montage en surface, sur filtre ou mural et fourni avec un kit de fixation murale et un kit de fixation de couvercle de filtre. Raccord \u00e0 quatre \u00e9tages con\u00e7u pour recevoir un tuyau [&hellip;]<\/p>\n","protected":false},"featured_media":14428,"comment_status":"open","ping_status":"closed","template":"","meta":{"om_disable_all_campaigns":false,"_monsterinsights_skip_tracking":false,"_monsterinsights_sitenote_active":false,"_monsterinsights_sitenote_note":"","_monsterinsights_sitenote_category":0,"ocean_post_layout":"","ocean_both_sidebars_style":"","ocean_both_sidebars_content_width":0,"ocean_both_sidebars_sidebars_width":0,"ocean_sidebar":"0","ocean_second_sidebar":"0","ocean_disable_margins":"enable","ocean_add_body_class":"","ocean_shortcode_before_top_bar":"","ocean_shortcode_after_top_bar":"","ocean_shortcode_before_header":"","ocean_shortcode_after_header":"","ocean_has_shortcode":"","ocean_shortcode_after_title":"","ocean_shortcode_before_footer_widgets":"","ocean_shortcode_after_footer_widgets":"","ocean_shortcode_before_footer_bottom":"","ocean_shortcode_after_footer_bottom":"","ocean_display_top_bar":"default","ocean_display_header":"default","ocean_header_style":"","ocean_center_header_left_menu":"0","ocean_custom_header_template":"0","ocean_custom_logo":0,"ocean_custom_retina_logo":0,"ocean_custom_logo_max_width":0,"ocean_custom_logo_tablet_max_width":0,"ocean_custom_logo_mobile_max_width":0,"ocean_custom_logo_max_height":0,"ocean_custom_logo_tablet_max_height":0,"ocean_custom_logo_mobile_max_height":0,"ocean_header_custom_menu":"0","ocean_menu_typo_font_family":"0","ocean_menu_typo_font_subset":"","ocean_menu_typo_font_size":0,"ocean_menu_typo_font_size_tablet":0,"ocean_menu_typo_font_size_mobile":0,"ocean_menu_typo_font_size_unit":"px","ocean_menu_typo_font_weight":"","ocean_menu_typo_font_weight_tablet":"","ocean_menu_typo_font_weight_mobile":"","ocean_menu_typo_transform":"","ocean_menu_typo_transform_tablet":"","ocean_menu_typo_transform_mobile":"","ocean_menu_typo_line_height":0,"ocean_menu_typo_line_height_tablet":0,"ocean_menu_typo_line_height_mobile":0,"ocean_menu_typo_line_height_unit":"","ocean_menu_typo_spacing":0,"ocean_menu_typo_spacing_tablet":0,"ocean_menu_typo_spacing_mobile":0,"ocean_menu_typo_spacing_unit":"","ocean_menu_link_color":"","ocean_menu_link_color_hover":"","ocean_menu_link_color_active":"","ocean_menu_link_background":"","ocean_menu_link_hover_background":"","ocean_menu_link_active_background":"","ocean_menu_social_links_bg":"","ocean_menu_social_hover_links_bg":"","ocean_menu_social_links_color":"","ocean_menu_social_hover_links_color":"","ocean_disable_title":"default","ocean_disable_heading":"default","ocean_post_title":"","ocean_post_subheading":"","ocean_post_title_style":"","ocean_post_title_background_color":"","ocean_post_title_background":0,"ocean_post_title_bg_image_position":"","ocean_post_title_bg_image_attachment":"","ocean_post_title_bg_image_repeat":"","ocean_post_title_bg_image_size":"","ocean_post_title_height":0,"ocean_post_title_bg_overlay":0.5,"ocean_post_title_bg_overlay_color":"","ocean_disable_breadcrumbs":"default","ocean_breadcrumbs_color":"","ocean_breadcrumbs_separator_color":"","ocean_breadcrumbs_links_color":"","ocean_breadcrumbs_links_hover_color":"","ocean_display_footer_widgets":"default","ocean_display_footer_bottom":"default","ocean_custom_footer_template":"0"},"product_brand":[],"product_cat":[60],"product_tag":[],"class_list":{"0":"post-14427","1":"product","2":"type-product","3":"status-publish","4":"has-post-thumbnail","6":"product_cat-la-filtration","7":"product_shipping_class-produits-livrables","9":"entry","10":"has-media","12":"first","13":"instock","14":"taxable","15":"shipping-taxable","16":"purchasable","17":"product-type-simple","18":"has-product-nav","19":"col","20":"span_1_of_4","21":"owp-content-center","22":"owp-thumbs-layout-horizontal","23":"owp-btn-big","24":"owp-tabs-layout-vertical","25":"has-no-thumbnails"},"aioseo_notices":[],"jetpack_sharing_enabled":true,"_links":{"self":[{"href":"https:\/\/oliveraieducoudon.com\/index.php?rest_route=\/wp\/v2\/product\/14427","targetHints":{"allow":["GET"]}}],"collection":[{"href":"https:\/\/oliveraieducoudon.com\/index.php?rest_route=\/wp\/v2\/product"}],"about":[{"href":"https:\/\/oliveraieducoudon.com\/index.php?rest_route=\/wp\/v2\/types\/product"}],"replies":[{"embeddable":true,"href":"https:\/\/oliveraieducoudon.com\/index.php?rest_route=%2Fwp%2Fv2%2Fcomments&post=14427"}],"wp:featuredmedia":[{"embeddable":true,"href":"https:\/\/oliveraieducoudon.com\/index.php?rest_route=\/wp\/v2\/media\/14428"}],"wp:attachment":[{"href":"https:\/\/oliveraieducoudon.com\/index.php?rest_route=%2Fwp%2Fv2%2Fmedia&parent=14427"}],"wp:term":[{"taxonomy":"product_brand","embeddable":true,"href":"https:\/\/oliveraieducoudon.com\/index.php?rest_route=%2Fwp%2Fv2%2Fproduct_brand&post=14427"},{"taxonomy":"product_cat","embeddable":true,"href":"https:\/\/oliveraieducoudon.com\/index.php?rest_route=%2Fwp%2Fv2%2Fproduct_cat&post=14427"},{"taxonomy":"product_tag","embeddable":true,"href":"https:\/\/oliveraieducoudon.com\/index.php?rest_route=%2Fwp%2Fv2%2Fproduct_tag&post=14427"}],"curies":[{"name":"wp","href":"https:\/\/api.w.org\/{rel}","templated":true}]}}