{"id":14383,"date":"2023-10-22T17:01:24","date_gmt":"2023-10-22T15:01:24","guid":{"rendered":"http:\/\/oliveraieducoudon.com\/?post_type=product&#038;p=14383"},"modified":"2023-11-21T10:57:08","modified_gmt":"2023-11-21T09:57:08","slug":"figuier-pot-c7-hauteur-160","status":"publish","type":"product","link":"https:\/\/oliveraieducoudon.com\/?product=figuier-pot-c7-hauteur-160","title":{"rendered":"FIGUIER &#8211; Pot C7 &#8211;  hauteur 1,60"},"content":{"rendered":"<h2><span style=\"color: #0000ff;\">Nos Figuiers en pot C7<\/span><\/h2>\n<div>\n<h3><span style=\"color: #ff0000;\"><span style=\"caret-color: #ff0000;\"><i>Vari\u00e9t\u00e9s<\/i><\/span><\/span><em style=\"color: #ff0000;\"><strong>\u00a0disponible<\/strong><\/em><\/h3>\n<p>&#8211; Sollies (peau violette fonc\u00e9e, chair rouge-ros\u00e9e, forme arrondie et charnue)<\/p>\n<div class=\"x11i5rnm xat24cr x1mh8g0r x1vvkbs xtlvy1s x126k92a\">\n<div dir=\"auto\">&#8211; Ronde de Bordeaux (vari\u00e9t\u00e9 pr\u00e9coce, produisant des figues \u00e0 la saveur d\u00e9licieuse \u00e0 peau fine, chair rouge, douce et sucr\u00e9e, de petite taille)<\/div>\n<div dir=\"auto\"><\/div>\n<\/div>\n<div class=\"x11i5rnm xat24cr x1mh8g0r x1vvkbs xtlvy1s x126k92a\">\n<div dir=\"auto\">&#8211; Grise de St Jean (vari\u00e9t\u00e9 ancienne tr\u00e8s robuste et productif. Autofertile, Il fournit de gros fruits \u00e0 la peau violac\u00e9e gris\u00e9e. Leur chair brun ros\u00e9 est d\u00e9licieusement sucr\u00e9e. Bif\u00e8re, ce figuier assure deux r\u00e9coltes dans l&rsquo;ann\u00e9e)<\/div>\n<div dir=\"auto\"><\/div>\n<\/div>\n<div class=\"x11i5rnm xat24cr x1mh8g0r x1vvkbs xtlvy1s x126k92a\">\n<div dir=\"auto\">&#8211; Breva (en forme de poire, sucr\u00e9es, \u00e0 chair tendre et rouge\u00e2tre. Tr\u00e8s appr\u00e9ci\u00e9 pour une consommation fra\u00eeche)<\/div>\n<\/div>\n<h4 class=\"title\"><em><strong><span style=\"color: #993366;\">Conna\u00eetre le figuier<\/span><\/strong><\/em><\/h4>\n<p class=\"title\">Le\u00a0figuier\u00a0est un arbre fruitier de la famille des Morac\u00e9es. Originaire d\u2019Afghanistan et de Syrie, il peut atteindre jusqu\u2019\u00e0 5 m de hauteur. Il se d\u00e9veloppe tr\u00e8s bien dans nos r\u00e9gions . Le figuier est rustique \u00e0 -15\u00b0C, mais il a besoin de beaucoup de soleil et d\u2019\u00eatre abrit\u00e9 du vent.<\/p>\n<\/div>\n<p><span style=\"font-size: 16px;\">La figue est un fruit \u00e0 la chair rose d\u00e9licieuse. Son arbre, le figuier,\u00a0est facilement cultivable dans la r\u00e9gion m\u00e9diterran\u00e9enne et en prenant quelques pr\u00e9cautions, il le sera aussi dans les autres r\u00e9gions. Arbre fruitier mais aussi ornemental, en sujet isol\u00e9 qu\u2019il soit au verger ou au jardin, il sera du plus bel effet.<\/span><\/p>\n<div>\n<h4 id=\"des-ennemis\"><em><strong><span style=\"color: #993366;\">Des ennemis ?<\/span><\/strong><\/em><\/h4>\n<p>Le feuillage du figuier est d\u00e9color\u00e9, son vert vire au gris argent\u00e9, de petites toiles d\u2019araign\u00e9e se forment au bout des feuilles ? Votre figuier est attaqu\u00e9 par des araign\u00e9es rouges. Ces acariens d\u00e9testent l\u2019humidit\u00e9, nettoyez la plante \u00e0 grande eau. Et adoptez quelques coccinelles rouges, elles sont tr\u00e8s friandes de ces acariens, comme des pucerons qui eux aussi peuvent se propager sur la plante. Les attaques de cochenilles se remarquent facilement : les insectes s\u2019enferment dans une carapace brune ou sous un feutrage blanc, au dos de la feuille contre la nervure principale et excr\u00e8tent un miellat qui finira par attirer des champignons. Pour s\u2019en d\u00e9barrasser sans produit chimique, trois solutions : se procurer son pr\u00e9dateur naturel, la <em>Cryptolaemus<\/em>, une coccinelle australienne noire \u00e0 points blancs ; utiliser un pi\u00e8ge \u00e0 m\u00e2les (attir\u00e9s par des ph\u00e9romones, ils se trouvent coll\u00e9s sur le pi\u00e8ge) ou encore un produit achet\u00e9 en jardinerie, ayant une mati\u00e8re active d&rsquo;origine v\u00e9g\u00e9tale, et certifi\u00e9 utilisable en Agriculture Biologique.<\/p>\n<p>Dans le Midi, vous pourrez subir des attaques de la mouche de la figue. Si c\u2019est le cas, vous remarquerez que les fruits tombent avant d\u2019\u00eatre m\u00fbrs et sont pourris. La mouche pond ses \u0153ufs dans les fruits, les larves s\u2019y d\u00e9veloppent et le font pourrir. D\u00e9truisez tous les fruits infect\u00e9s tant que les larves n\u2019ont pas fini leur d\u00e9veloppement. Cela emp\u00eachera la propagation de la mouche de la figue.<\/p>\n<\/div>\n<div><\/div>\n<div><strong>Nous contacter pour toutes demandes de devis ou une vari\u00e9t\u00e9\u00a0sp\u00e9cifique nous avons un large choix de plantes a vous proposer<\/strong><\/div>\n<div><\/div>\n<div><span style=\"color: #008000;\"><strong>Devis par mail : oliveraieducoudon@gmail.com ou TEL 0643095220<\/strong><\/span><\/div>\n","protected":false},"excerpt":{"rendered":"<p>Nos Figuiers en pot C7 Vari\u00e9t\u00e9s\u00a0disponible &#8211; Sollies (peau violette fonc\u00e9e, chair rouge-ros\u00e9e, forme arrondie et charnue) &#8211; Ronde de Bordeaux (vari\u00e9t\u00e9 pr\u00e9coce, produisant des figues \u00e0 la saveur d\u00e9licieuse \u00e0 peau fine, chair rouge, douce et sucr\u00e9e, de petite taille) &#8211; Grise de St Jean (vari\u00e9t\u00e9 ancienne tr\u00e8s robuste et productif. Autofertile, Il fournit [&hellip;]<\/p>\n","protected":false},"featured_media":14384,"comment_status":"open","ping_status":"closed","template":"","meta":{"om_disable_all_campaigns":false,"_monsterinsights_skip_tracking":false,"_monsterinsights_sitenote_active":false,"_monsterinsights_sitenote_note":"","_monsterinsights_sitenote_category":0,"ocean_post_layout":"","ocean_both_sidebars_style":"","ocean_both_sidebars_content_width":0,"ocean_both_sidebars_sidebars_width":0,"ocean_sidebar":"0","ocean_second_sidebar":"0","ocean_disable_margins":"enable","ocean_add_body_class":"","ocean_shortcode_before_top_bar":"","ocean_shortcode_after_top_bar":"","ocean_shortcode_before_header":"","ocean_shortcode_after_header":"","ocean_has_shortcode":"","ocean_shortcode_after_title":"","ocean_shortcode_before_footer_widgets":"","ocean_shortcode_after_footer_widgets":"","ocean_shortcode_before_footer_bottom":"","ocean_shortcode_after_footer_bottom":"","ocean_display_top_bar":"default","ocean_display_header":"default","ocean_header_style":"","ocean_center_header_left_menu":"0","ocean_custom_header_template":"0","ocean_custom_logo":0,"ocean_custom_retina_logo":0,"ocean_custom_logo_max_width":0,"ocean_custom_logo_tablet_max_width":0,"ocean_custom_logo_mobile_max_width":0,"ocean_custom_logo_max_height":0,"ocean_custom_logo_tablet_max_height":0,"ocean_custom_logo_mobile_max_height":0,"ocean_header_custom_menu":"0","ocean_menu_typo_font_family":"0","ocean_menu_typo_font_subset":"","ocean_menu_typo_font_size":0,"ocean_menu_typo_font_size_tablet":0,"ocean_menu_typo_font_size_mobile":0,"ocean_menu_typo_font_size_unit":"px","ocean_menu_typo_font_weight":"","ocean_menu_typo_font_weight_tablet":"","ocean_menu_typo_font_weight_mobile":"","ocean_menu_typo_transform":"","ocean_menu_typo_transform_tablet":"","ocean_menu_typo_transform_mobile":"","ocean_menu_typo_line_height":0,"ocean_menu_typo_line_height_tablet":0,"ocean_menu_typo_line_height_mobile":0,"ocean_menu_typo_line_height_unit":"","ocean_menu_typo_spacing":0,"ocean_menu_typo_spacing_tablet":0,"ocean_menu_typo_spacing_mobile":0,"ocean_menu_typo_spacing_unit":"","ocean_menu_link_color":"","ocean_menu_link_color_hover":"","ocean_menu_link_color_active":"","ocean_menu_link_background":"","ocean_menu_link_hover_background":"","ocean_menu_link_active_background":"","ocean_menu_social_links_bg":"","ocean_menu_social_hover_links_bg":"","ocean_menu_social_links_color":"","ocean_menu_social_hover_links_color":"","ocean_disable_title":"default","ocean_disable_heading":"default","ocean_post_title":"","ocean_post_subheading":"","ocean_post_title_style":"","ocean_post_title_background_color":"","ocean_post_title_background":0,"ocean_post_title_bg_image_position":"","ocean_post_title_bg_image_attachment":"","ocean_post_title_bg_image_repeat":"","ocean_post_title_bg_image_size":"","ocean_post_title_height":0,"ocean_post_title_bg_overlay":0.5,"ocean_post_title_bg_overlay_color":"","ocean_disable_breadcrumbs":"default","ocean_breadcrumbs_color":"","ocean_breadcrumbs_separator_color":"","ocean_breadcrumbs_links_color":"","ocean_breadcrumbs_links_hover_color":"","ocean_display_footer_widgets":"default","ocean_display_footer_bottom":"default","ocean_custom_footer_template":"0"},"product_brand":[],"product_cat":[46],"product_tag":[],"class_list":{"0":"post-14383","1":"product","2":"type-product","3":"status-publish","4":"has-post-thumbnail","6":"product_cat-les-fruitiers","7":"product_shipping_class-produits-non-livrables","9":"entry","10":"has-media","12":"first","13":"instock","14":"taxable","15":"shipping-taxable","16":"purchasable","17":"product-type-simple","18":"has-product-nav","19":"col","20":"span_1_of_4","21":"owp-content-center","22":"owp-thumbs-layout-horizontal","23":"owp-btn-big","24":"owp-tabs-layout-vertical","25":"has-no-thumbnails"},"aioseo_notices":[],"jetpack_sharing_enabled":true,"_links":{"self":[{"href":"https:\/\/oliveraieducoudon.com\/index.php?rest_route=\/wp\/v2\/product\/14383","targetHints":{"allow":["GET"]}}],"collection":[{"href":"https:\/\/oliveraieducoudon.com\/index.php?rest_route=\/wp\/v2\/product"}],"about":[{"href":"https:\/\/oliveraieducoudon.com\/index.php?rest_route=\/wp\/v2\/types\/product"}],"replies":[{"embeddable":true,"href":"https:\/\/oliveraieducoudon.com\/index.php?rest_route=%2Fwp%2Fv2%2Fcomments&post=14383"}],"wp:featuredmedia":[{"embeddable":true,"href":"https:\/\/oliveraieducoudon.com\/index.php?rest_route=\/wp\/v2\/media\/14384"}],"wp:attachment":[{"href":"https:\/\/oliveraieducoudon.com\/index.php?rest_route=%2Fwp%2Fv2%2Fmedia&parent=14383"}],"wp:term":[{"taxonomy":"product_brand","embeddable":true,"href":"https:\/\/oliveraieducoudon.com\/index.php?rest_route=%2Fwp%2Fv2%2Fproduct_brand&post=14383"},{"taxonomy":"product_cat","embeddable":true,"href":"https:\/\/oliveraieducoudon.com\/index.php?rest_route=%2Fwp%2Fv2%2Fproduct_cat&post=14383"},{"taxonomy":"product_tag","embeddable":true,"href":"https:\/\/oliveraieducoudon.com\/index.php?rest_route=%2Fwp%2Fv2%2Fproduct_tag&post=14383"}],"curies":[{"name":"wp","href":"https:\/\/api.w.org\/{rel}","templated":true}]}}