{"id":14381,"date":"2023-10-22T16:45:47","date_gmt":"2023-10-22T14:45:47","guid":{"rendered":"http:\/\/oliveraieducoudon.com\/?post_type=product&#038;p=14381"},"modified":"2023-11-21T10:57:08","modified_gmt":"2023-11-21T09:57:08","slug":"abres-fruitiers-pot-50-circonstances-16-18-cm","status":"publish","type":"product","link":"https:\/\/oliveraieducoudon.com\/?product=abres-fruitiers-pot-50-circonstances-16-18-cm","title":{"rendered":"ABRES FRUITIERS &#8211; POT C 50 &#8211;   Tronc env 16\/18 cm &#8211;"},"content":{"rendered":"<div>\n<h4 class=\"ds-ens-background-header__title\"><span style=\"color: #0000ff;\">Bien choisir son arbre fruitier une large games disponible !!!<\/span><\/h4>\n<\/div>\n<h3><span style=\"color: #ff0000;\">Faite votre choix<\/span><\/h3>\n<h3><span style=\"color: #ff0000;\"> vari\u00e9t\u00e9 Disponible : \u00a0Amandier \/ Cerisier \/ Nectarine \/ P\u00eacher \/ Prunier<\/span><\/h3>\n<div>\n<h3 class=\"ds-ens-background-header__title\"><span style=\"color: #008000;\">Arbres fruitiers : quelques cl\u00e9s:<\/span><\/h3>\n<p class=\"ds-ens-background-header__title\"><strong><span style=\"color: #993366;\">La pollinisation des arbres fruitiers<\/span><\/strong><\/p>\n<p>Certains arbres fruitiers sont dits autofertiles, c\u2019est-\u00e0-dire qu\u2019ils n\u2019ont pas besoin de la proximit\u00e9 d\u2019autres arbres de leur esp\u00e8ce pour fructifier. Pensez-y si vous n\u2019avez de la place que pour un seul pied. Par contre, pommiers et poiriers ne peuvent se passer d\u2019un pollinisateur pour fructifier. Dans un verger ou d\u2019un jardin plus grand o\u00f9 la place ne manque pas, pensez \u00e0 bien choisir vos vari\u00e9t\u00e9s en fonction de leur relation pollinisateur-pollinis\u00e9. Chez les p\u00eachers, la pr\u00e9sence d\u2019une autre vari\u00e9t\u00e9 n\u2019est pas indispensable mais favorisera une meilleure r\u00e9colte.<\/p>\n<p><strong><span style=\"color: #ff6600;\">Les porte-greffe<\/span><\/strong><\/p>\n<p>La plupart des arbres fruitiers sont issus d\u2019une greffe, combinant les caract\u00e9ristiques du porteur de la greffe ou porte-greffe et de la vari\u00e9t\u00e9 greff\u00e9e. Le porte-greffe d\u00e9termine la quantit\u00e9 de feuillage de la vari\u00e9t\u00e9 greff\u00e9e, la r\u00e9sistance \u00e0 la maladie ainsi que la pr\u00e9cocit\u00e9 de la mise \u00e0 fruit. Ainsi, un porte-greffe r\u00e9put\u00e9 de faible v\u00e9g\u00e9tation produira plus rapidement des fruits, convenant bien \u00e0 un petit jardin. Les porte-greffe \u2018francs\u2019 sont des pieds issus de semis, les vari\u00e9t\u00e9s greff\u00e9es font partie des plus r\u00e9sistantes et \u00e0 la long\u00e9vit\u00e9 la plus longue. Toutefois, il faut patienter plus longtemps avant leur premi\u00e8re fructification. .<\/p>\n<p><strong><span style=\"color: #00ffff;\">Les fruits : le principal crit\u00e8re de choix<\/span><\/strong><\/p>\n<p>Un point \u00e0 ne surtout pas n\u00e9gliger ! Car installer un arbre fruitier, comme dans le cas d\u2019un arbre, vous engage pour de nombreuses ann\u00e9es. Autant ne pas n\u00e9gliger le choix du fruit sur ces qualit\u00e9s gustatives. Go\u00fbtez avant de planter ! Enfin, n\u2019oubliez pas de prendre en compte les p\u00e9riodes de r\u00e9coltes, le temps de conservation des fruits ou encore leurs utilisations en cuisine\u2026.<\/p>\n<\/div>\n<div><\/div>\n<div><strong>Nous contacter pour toutes demandes de devis ou une vari\u00e9t\u00e9\u00a0sp\u00e9cifique nous avons un large choix de plantes a vous proposer <\/strong><\/div>\n<div><span style=\"color: #008000;\"><strong>Devis par mail : oliveraieducoudon@gmail.com ou TEL 0643095220<\/strong><\/span><\/div>\n","protected":false},"excerpt":{"rendered":"<p>Bien choisir son arbre fruitier une large games disponible !!! Faite votre choix vari\u00e9t\u00e9 Disponible : \u00a0Amandier \/ Cerisier \/ Nectarine \/ P\u00eacher \/ Prunier Arbres fruitiers : quelques cl\u00e9s: La pollinisation des arbres fruitiers Certains arbres fruitiers sont dits autofertiles, c\u2019est-\u00e0-dire qu\u2019ils n\u2019ont pas besoin de la proximit\u00e9 d\u2019autres arbres de leur esp\u00e8ce pour [&hellip;]<\/p>\n","protected":false},"featured_media":16350,"comment_status":"open","ping_status":"closed","template":"","meta":{"om_disable_all_campaigns":false,"_monsterinsights_skip_tracking":false,"_monsterinsights_sitenote_active":false,"_monsterinsights_sitenote_note":"","_monsterinsights_sitenote_category":0,"ocean_post_layout":"","ocean_both_sidebars_style":"","ocean_both_sidebars_content_width":0,"ocean_both_sidebars_sidebars_width":0,"ocean_sidebar":"0","ocean_second_sidebar":"0","ocean_disable_margins":"enable","ocean_add_body_class":"","ocean_shortcode_before_top_bar":"","ocean_shortcode_after_top_bar":"","ocean_shortcode_before_header":"","ocean_shortcode_after_header":"","ocean_has_shortcode":"","ocean_shortcode_after_title":"","ocean_shortcode_before_footer_widgets":"","ocean_shortcode_after_footer_widgets":"","ocean_shortcode_before_footer_bottom":"","ocean_shortcode_after_footer_bottom":"","ocean_display_top_bar":"default","ocean_display_header":"default","ocean_header_style":"","ocean_center_header_left_menu":"0","ocean_custom_header_template":"0","ocean_custom_logo":0,"ocean_custom_retina_logo":0,"ocean_custom_logo_max_width":0,"ocean_custom_logo_tablet_max_width":0,"ocean_custom_logo_mobile_max_width":0,"ocean_custom_logo_max_height":0,"ocean_custom_logo_tablet_max_height":0,"ocean_custom_logo_mobile_max_height":0,"ocean_header_custom_menu":"0","ocean_menu_typo_font_family":"0","ocean_menu_typo_font_subset":"","ocean_menu_typo_font_size":0,"ocean_menu_typo_font_size_tablet":0,"ocean_menu_typo_font_size_mobile":0,"ocean_menu_typo_font_size_unit":"px","ocean_menu_typo_font_weight":"","ocean_menu_typo_font_weight_tablet":"","ocean_menu_typo_font_weight_mobile":"","ocean_menu_typo_transform":"","ocean_menu_typo_transform_tablet":"","ocean_menu_typo_transform_mobile":"","ocean_menu_typo_line_height":0,"ocean_menu_typo_line_height_tablet":0,"ocean_menu_typo_line_height_mobile":0,"ocean_menu_typo_line_height_unit":"","ocean_menu_typo_spacing":0,"ocean_menu_typo_spacing_tablet":0,"ocean_menu_typo_spacing_mobile":0,"ocean_menu_typo_spacing_unit":"","ocean_menu_link_color":"","ocean_menu_link_color_hover":"","ocean_menu_link_color_active":"","ocean_menu_link_background":"","ocean_menu_link_hover_background":"","ocean_menu_link_active_background":"","ocean_menu_social_links_bg":"","ocean_menu_social_hover_links_bg":"","ocean_menu_social_links_color":"","ocean_menu_social_hover_links_color":"","ocean_disable_title":"default","ocean_disable_heading":"default","ocean_post_title":"","ocean_post_subheading":"","ocean_post_title_style":"","ocean_post_title_background_color":"","ocean_post_title_background":0,"ocean_post_title_bg_image_position":"","ocean_post_title_bg_image_attachment":"","ocean_post_title_bg_image_repeat":"","ocean_post_title_bg_image_size":"","ocean_post_title_height":0,"ocean_post_title_bg_overlay":0.5,"ocean_post_title_bg_overlay_color":"","ocean_disable_breadcrumbs":"default","ocean_breadcrumbs_color":"","ocean_breadcrumbs_separator_color":"","ocean_breadcrumbs_links_color":"","ocean_breadcrumbs_links_hover_color":"","ocean_display_footer_widgets":"default","ocean_display_footer_bottom":"default","ocean_custom_footer_template":"0"},"product_brand":[],"product_cat":[46],"product_tag":[],"class_list":{"0":"post-14381","1":"product","2":"type-product","3":"status-publish","4":"has-post-thumbnail","6":"product_cat-les-fruitiers","7":"product_shipping_class-produits-livrables","9":"entry","10":"has-media","12":"first","13":"instock","14":"taxable","15":"shipping-taxable","16":"purchasable","17":"product-type-variable","18":"has-product-nav","19":"col","20":"span_1_of_4","21":"owp-content-center","22":"owp-thumbs-layout-horizontal","23":"owp-btn-big","24":"owp-tabs-layout-vertical"},"aioseo_notices":[],"jetpack_sharing_enabled":true,"_links":{"self":[{"href":"https:\/\/oliveraieducoudon.com\/index.php?rest_route=\/wp\/v2\/product\/14381","targetHints":{"allow":["GET"]}}],"collection":[{"href":"https:\/\/oliveraieducoudon.com\/index.php?rest_route=\/wp\/v2\/product"}],"about":[{"href":"https:\/\/oliveraieducoudon.com\/index.php?rest_route=\/wp\/v2\/types\/product"}],"replies":[{"embeddable":true,"href":"https:\/\/oliveraieducoudon.com\/index.php?rest_route=%2Fwp%2Fv2%2Fcomments&post=14381"}],"wp:featuredmedia":[{"embeddable":true,"href":"https:\/\/oliveraieducoudon.com\/index.php?rest_route=\/wp\/v2\/media\/16350"}],"wp:attachment":[{"href":"https:\/\/oliveraieducoudon.com\/index.php?rest_route=%2Fwp%2Fv2%2Fmedia&parent=14381"}],"wp:term":[{"taxonomy":"product_brand","embeddable":true,"href":"https:\/\/oliveraieducoudon.com\/index.php?rest_route=%2Fwp%2Fv2%2Fproduct_brand&post=14381"},{"taxonomy":"product_cat","embeddable":true,"href":"https:\/\/oliveraieducoudon.com\/index.php?rest_route=%2Fwp%2Fv2%2Fproduct_cat&post=14381"},{"taxonomy":"product_tag","embeddable":true,"href":"https:\/\/oliveraieducoudon.com\/index.php?rest_route=%2Fwp%2Fv2%2Fproduct_tag&post=14381"}],"curies":[{"name":"wp","href":"https:\/\/api.w.org\/{rel}","templated":true}]}}