{"id":14359,"date":"2023-10-21T19:01:04","date_gmt":"2023-10-21T17:01:04","guid":{"rendered":"http:\/\/oliveraieducoudon.com\/?post_type=product&#038;p=14359"},"modified":"2023-11-21T10:57:09","modified_gmt":"2023-11-21T09:57:09","slug":"olivier-pre-bronzai-pot105","status":"publish","type":"product","link":"https:\/\/oliveraieducoudon.com\/?product=olivier-pre-bronzai-pot105","title":{"rendered":"OLIVIER pr\u00e9-bronzai"},"content":{"rendered":"<h3><span style=\"color: #008000;\"><em><strong>les oliviers pr\u00e9-bonzai<\/strong><\/em><\/span><\/h3>\n<p>Nous vous proposont un large choix en pot plastique ou terre et des coupes<\/p>\n<p>Un pr\u00e9-bonsa\u00ef est un petit arbre avec des caract\u00e9ristiques sp\u00e9ciales, qui, avec un peu de travail et quelques soins, peut devenir un beau bonsa\u00ef. Les pr\u00e9-bonsa\u00efs sont pr\u00e9par\u00e9s \u00e0 partir de semis pour obtenir un bon nebari ou la base du tronc, les racines fines pr\u00e8s du tronc et plusieurs possibilit\u00e9s de design. Cette ligne de pr\u00e9-bonsa\u00ef vous permet de mod\u00e9liser et cr\u00e9er le bonsa\u00ef dans l\u2019style que vous voulez ou l\u2019arbre vous dit.<\/p>\n<p><strong>Exposition:<\/strong>\u00a0Dans la zone de climat m\u00e9diterran\u00e9en, \u00e0 l&rsquo;ext\u00e9rieur en plein soleil tout au long de l&rsquo;ann\u00e9e. En dehors de leur zone climatique naturelle est n\u00e9cessaire de le prot\u00e9ger du froid extr\u00eame et en particulier le gel (temp\u00e9ratures inf\u00e9rieures \u00e0 z\u00e9ro pendant plus de 24 h). Malgr\u00e9 cela, au cours de l&rsquo;hiver, il faut une forte baisse des temp\u00e9ratures comprises entre 5 et 7 \u00b0 C<\/p>\n<p><strong>Arrosage:<\/strong>\u00a0L&rsquo;olivier a une consommation d&rsquo;eau minimale.<\/p>\n<p><strong>Curiosit\u00e9s:<\/strong>\u00a0Dans la mythologie gr\u00e9co-romaine l&rsquo;olivier sauvage \u00e9tait sacr\u00e9 pour le dieu Apollon. Il a \u00e9t\u00e9 plant\u00e9 devant les temples et des offrandes et des armes anciennes y \u00e9taient accroch\u00e9es \u00e0 leurs branches. En outre, les sceptres des rois et le c\u00e9l\u00e8bre club d&rsquo;Hercule ont \u00e9t\u00e9 faits en bois d&rsquo;olivier.<\/p>\n<p class=\"heading-2\"><strong>D\u00e9tails<\/strong><\/p>\n<div class=\"product-tabArea\">Arbre m\u00e9diterran\u00e9en par excellence, connu et cultiv\u00e9 depuis l\u2019Antiquit\u00e9, l\u2019Olivier est facilement reconnaissable \u00e0 son port \u00e9tal\u00e9, son allure tourment\u00e9e et ses fruits charnus. Symbole de paix, son feuillage \u00e0 petites feuilles persistantes allong\u00e9es poss\u00e8de une tr\u00e8s jolie couleur gris vert presque argent\u00e9e qui forme un d\u00e9cor de toute beaut\u00e9.<br \/>\nDans sa version Bonsa\u00ef, l\u2019Olivier est id\u00e9al pour agr\u00e9menter balcons et terrasses pendant l\u2019\u00e9t\u00e9 et d\u00e9corer avec naturel v\u00e9randa et serre froide pendant l\u2019hiver.<\/div>\n<div><\/div>\n<div>\n<p><strong><span style=\"color: #0000ff;\">L&rsquo;oliveraie peut vous proposer\u00a0diff\u00e9rents\u00a0pots de\u00a0diff\u00e9rentes\u00a0couleurs pour vos plantes <\/span><\/strong><br \/>\n<strong><span style=\"color: #0000ff;\">Ainsi de vous livrer sur simple demande <\/span><\/strong><br \/>\n<strong><span style=\"color: #0000ff;\">Une photo de la plante command\u00e9e vous sera envoy\u00e9e par sms ou mail avant livraison ou retrait\u00a0<\/span><\/strong><\/p>\n<div><strong>Nous contacter pour toutes demandes de devis ou une vari\u00e9t\u00e9\u00a0sp\u00e9cifique nous avons un large choix de plantes a vous proposer<\/strong><\/div>\n<div><span style=\"color: #008000;\"><strong>Devis par mail : oliveraieducoudon@gmail.com ou TEL 0643095220<\/strong><\/span><\/div>\n<\/div>\n<p>&nbsp;<\/p>\n","protected":false},"excerpt":{"rendered":"<p>les oliviers pr\u00e9-bonzai Nous vous proposont un large choix en pot plastique ou terre et des coupes Un pr\u00e9-bonsa\u00ef est un petit arbre avec des caract\u00e9ristiques sp\u00e9ciales, qui, avec un peu de travail et quelques soins, peut devenir un beau bonsa\u00ef. Les pr\u00e9-bonsa\u00efs sont pr\u00e9par\u00e9s \u00e0 partir de semis pour obtenir un bon nebari ou [&hellip;]<\/p>\n","protected":false},"featured_media":14360,"comment_status":"open","ping_status":"closed","template":"","meta":{"om_disable_all_campaigns":false,"_monsterinsights_skip_tracking":false,"_monsterinsights_sitenote_active":false,"_monsterinsights_sitenote_note":"","_monsterinsights_sitenote_category":0,"ocean_post_layout":"","ocean_both_sidebars_style":"","ocean_both_sidebars_content_width":0,"ocean_both_sidebars_sidebars_width":0,"ocean_sidebar":"0","ocean_second_sidebar":"0","ocean_disable_margins":"enable","ocean_add_body_class":"","ocean_shortcode_before_top_bar":"","ocean_shortcode_after_top_bar":"","ocean_shortcode_before_header":"","ocean_shortcode_after_header":"","ocean_has_shortcode":"","ocean_shortcode_after_title":"","ocean_shortcode_before_footer_widgets":"","ocean_shortcode_after_footer_widgets":"","ocean_shortcode_before_footer_bottom":"","ocean_shortcode_after_footer_bottom":"","ocean_display_top_bar":"default","ocean_display_header":"default","ocean_header_style":"","ocean_center_header_left_menu":"0","ocean_custom_header_template":"0","ocean_custom_logo":0,"ocean_custom_retina_logo":0,"ocean_custom_logo_max_width":0,"ocean_custom_logo_tablet_max_width":0,"ocean_custom_logo_mobile_max_width":0,"ocean_custom_logo_max_height":0,"ocean_custom_logo_tablet_max_height":0,"ocean_custom_logo_mobile_max_height":0,"ocean_header_custom_menu":"0","ocean_menu_typo_font_family":"0","ocean_menu_typo_font_subset":"","ocean_menu_typo_font_size":0,"ocean_menu_typo_font_size_tablet":0,"ocean_menu_typo_font_size_mobile":0,"ocean_menu_typo_font_size_unit":"px","ocean_menu_typo_font_weight":"","ocean_menu_typo_font_weight_tablet":"","ocean_menu_typo_font_weight_mobile":"","ocean_menu_typo_transform":"","ocean_menu_typo_transform_tablet":"","ocean_menu_typo_transform_mobile":"","ocean_menu_typo_line_height":0,"ocean_menu_typo_line_height_tablet":0,"ocean_menu_typo_line_height_mobile":0,"ocean_menu_typo_line_height_unit":"","ocean_menu_typo_spacing":0,"ocean_menu_typo_spacing_tablet":0,"ocean_menu_typo_spacing_mobile":0,"ocean_menu_typo_spacing_unit":"","ocean_menu_link_color":"","ocean_menu_link_color_hover":"","ocean_menu_link_color_active":"","ocean_menu_link_background":"","ocean_menu_link_hover_background":"","ocean_menu_link_active_background":"","ocean_menu_social_links_bg":"","ocean_menu_social_hover_links_bg":"","ocean_menu_social_links_color":"","ocean_menu_social_hover_links_color":"","ocean_disable_title":"default","ocean_disable_heading":"default","ocean_post_title":"","ocean_post_subheading":"","ocean_post_title_style":"","ocean_post_title_background_color":"","ocean_post_title_background":0,"ocean_post_title_bg_image_position":"","ocean_post_title_bg_image_attachment":"","ocean_post_title_bg_image_repeat":"","ocean_post_title_bg_image_size":"","ocean_post_title_height":0,"ocean_post_title_bg_overlay":0.5,"ocean_post_title_bg_overlay_color":"","ocean_disable_breadcrumbs":"default","ocean_breadcrumbs_color":"","ocean_breadcrumbs_separator_color":"","ocean_breadcrumbs_links_color":"","ocean_breadcrumbs_links_hover_color":"","ocean_display_footer_widgets":"default","ocean_display_footer_bottom":"default","ocean_custom_footer_template":"0"},"product_brand":[],"product_cat":[47],"product_tag":[],"class_list":{"0":"post-14359","1":"product","2":"type-product","3":"status-publish","4":"has-post-thumbnail","6":"product_cat-les-oliviers","7":"product_shipping_class-produits-non-livrables","9":"entry","10":"has-media","12":"first","13":"instock","14":"taxable","15":"shipping-taxable","16":"purchasable","17":"product-type-variable","18":"has-product-nav","19":"col","20":"span_1_of_4","21":"owp-content-center","22":"owp-thumbs-layout-horizontal","23":"owp-btn-big","24":"owp-tabs-layout-vertical"},"aioseo_notices":[],"jetpack_sharing_enabled":true,"_links":{"self":[{"href":"https:\/\/oliveraieducoudon.com\/index.php?rest_route=\/wp\/v2\/product\/14359","targetHints":{"allow":["GET"]}}],"collection":[{"href":"https:\/\/oliveraieducoudon.com\/index.php?rest_route=\/wp\/v2\/product"}],"about":[{"href":"https:\/\/oliveraieducoudon.com\/index.php?rest_route=\/wp\/v2\/types\/product"}],"replies":[{"embeddable":true,"href":"https:\/\/oliveraieducoudon.com\/index.php?rest_route=%2Fwp%2Fv2%2Fcomments&post=14359"}],"wp:featuredmedia":[{"embeddable":true,"href":"https:\/\/oliveraieducoudon.com\/index.php?rest_route=\/wp\/v2\/media\/14360"}],"wp:attachment":[{"href":"https:\/\/oliveraieducoudon.com\/index.php?rest_route=%2Fwp%2Fv2%2Fmedia&parent=14359"}],"wp:term":[{"taxonomy":"product_brand","embeddable":true,"href":"https:\/\/oliveraieducoudon.com\/index.php?rest_route=%2Fwp%2Fv2%2Fproduct_brand&post=14359"},{"taxonomy":"product_cat","embeddable":true,"href":"https:\/\/oliveraieducoudon.com\/index.php?rest_route=%2Fwp%2Fv2%2Fproduct_cat&post=14359"},{"taxonomy":"product_tag","embeddable":true,"href":"https:\/\/oliveraieducoudon.com\/index.php?rest_route=%2Fwp%2Fv2%2Fproduct_tag&post=14359"}],"curies":[{"name":"wp","href":"https:\/\/api.w.org\/{rel}","templated":true}]}}