{"id":14337,"date":"2023-10-21T15:26:32","date_gmt":"2023-10-21T13:26:32","guid":{"rendered":"http:\/\/oliveraieducoudon.com\/?post_type=product&#038;p=14337"},"modified":"2023-11-21T12:03:17","modified_gmt":"2023-11-21T11:03:17","slug":"ichi-food-all-seasons-6-7-mm-2kg","status":"publish","type":"product","link":"https:\/\/oliveraieducoudon.com\/?product=ichi-food-all-seasons-6-7-mm-2kg","title":{"rendered":"ICHI FOOD ALL SEASONS  6-7 mm"},"content":{"rendered":"<p><em><strong><span style=\"color: #993366;\">ICHI FOOD ALL SEASONS \u00a06-7 mm\u00a0<\/span><\/strong><\/em><\/p>\n<p>Ichi Food All Seasons est un aliment complet pour poissons d\u2019ornement, sp\u00e9cialement adapt\u00e9 pour combler les besoins n\u00e9cessaires \u00e0 une croissance \u00e9lev\u00e9e et \u00e0 une r\u00e9sistance accrue aux maladies. Fabriqu\u00e9 \u00e0 partir de mati\u00e8res premi\u00e8res de haute qualit\u00e9 garantissant une assimilation et des performances optimales, il est enrichi en vitamines, min\u00e9raux et pigments naturels, garantissant sant\u00e9 et couleurs \u00e9clatantes. Ichi Food All Seasons est avantageusement compl\u00e9t\u00e9 ou remplac\u00e9 par le programme saisonnier d\u2019Aquatic Science (Ichi Food Winter, Summer et Excellent), d\u00e9velopp\u00e9 pour r\u00e9pondre aux besoins variables des poissons en fonction de la temp\u00e9rature<\/p>\n<p>Mode d\u2019emploi : Ichi Food All Seasons peut \u00eatre distribu\u00e9 plusieurs fois par jour d\u00e8s que la temp\u00e9rature de l\u2019eau est de minimum 12\u00b0C. Il est pr\u00e9f\u00e9rable de distribuer plusieurs petits repas. En cas d\u2019exc\u00e8s, \u00e9liminer les d\u00e9chets et diminuer la ration.<\/p>\n<p>Composition : Produits et sous-produits de c\u00e9r\u00e9ales, produits et sous-produits de graines ol\u00e9agineuses, farine de poissons, farine de krill, huile de poissons, acides amin\u00e9s, pr\u00e9m\u00e9langes de vitamines et oligo-\u00e9l\u00e9ments, algues, min\u00e9raux.<\/p>\n<p>Vitamines : Vitamine A (E672) min. 8400 UI\/Kg \u00a0 Vitamine D3 (E671) min. 1470 UI\/Kg \u00a0 \u00a0Vitamine E (3a700) min. 180 mg\/Kg \u00a0 \u00a0Vitamine C (3a312) min. 235 mg\/Kg<\/p>\n<p>Constituants analytiques : Humidit\u00e9 max. 9% \u00a0 Prot\u00e9ines brutes min. 33% \u00a0 \u00a0Mat. grasses brutes 8,1% \u00a0 \u00a0Cellulose brute 3% Cendres brutes 7,53%<\/p>\n<p>&nbsp;<\/p>\n","protected":false},"excerpt":{"rendered":"<p>ICHI FOOD ALL SEASONS \u00a06-7 mm\u00a0 Ichi Food All Seasons est un aliment complet pour poissons d\u2019ornement, sp\u00e9cialement adapt\u00e9 pour combler les besoins n\u00e9cessaires \u00e0 une croissance \u00e9lev\u00e9e et \u00e0 une r\u00e9sistance accrue aux maladies. Fabriqu\u00e9 \u00e0 partir de mati\u00e8res premi\u00e8res de haute qualit\u00e9 garantissant une assimilation et des performances optimales, il est enrichi en [&hellip;]<\/p>\n","protected":false},"featured_media":14334,"comment_status":"open","ping_status":"closed","template":"","meta":{"om_disable_all_campaigns":false,"_monsterinsights_skip_tracking":false,"_monsterinsights_sitenote_active":false,"_monsterinsights_sitenote_note":"","_monsterinsights_sitenote_category":0,"ocean_post_layout":"","ocean_both_sidebars_style":"","ocean_both_sidebars_content_width":0,"ocean_both_sidebars_sidebars_width":0,"ocean_sidebar":"0","ocean_second_sidebar":"0","ocean_disable_margins":"enable","ocean_add_body_class":"","ocean_shortcode_before_top_bar":"","ocean_shortcode_after_top_bar":"","ocean_shortcode_before_header":"","ocean_shortcode_after_header":"","ocean_has_shortcode":"","ocean_shortcode_after_title":"","ocean_shortcode_before_footer_widgets":"","ocean_shortcode_after_footer_widgets":"","ocean_shortcode_before_footer_bottom":"","ocean_shortcode_after_footer_bottom":"","ocean_display_top_bar":"default","ocean_display_header":"default","ocean_header_style":"","ocean_center_header_left_menu":"0","ocean_custom_header_template":"0","ocean_custom_logo":0,"ocean_custom_retina_logo":0,"ocean_custom_logo_max_width":0,"ocean_custom_logo_tablet_max_width":0,"ocean_custom_logo_mobile_max_width":0,"ocean_custom_logo_max_height":0,"ocean_custom_logo_tablet_max_height":0,"ocean_custom_logo_mobile_max_height":0,"ocean_header_custom_menu":"0","ocean_menu_typo_font_family":"0","ocean_menu_typo_font_subset":"","ocean_menu_typo_font_size":0,"ocean_menu_typo_font_size_tablet":0,"ocean_menu_typo_font_size_mobile":0,"ocean_menu_typo_font_size_unit":"px","ocean_menu_typo_font_weight":"","ocean_menu_typo_font_weight_tablet":"","ocean_menu_typo_font_weight_mobile":"","ocean_menu_typo_transform":"","ocean_menu_typo_transform_tablet":"","ocean_menu_typo_transform_mobile":"","ocean_menu_typo_line_height":0,"ocean_menu_typo_line_height_tablet":0,"ocean_menu_typo_line_height_mobile":0,"ocean_menu_typo_line_height_unit":"","ocean_menu_typo_spacing":0,"ocean_menu_typo_spacing_tablet":0,"ocean_menu_typo_spacing_mobile":0,"ocean_menu_typo_spacing_unit":"","ocean_menu_link_color":"","ocean_menu_link_color_hover":"","ocean_menu_link_color_active":"","ocean_menu_link_background":"","ocean_menu_link_hover_background":"","ocean_menu_link_active_background":"","ocean_menu_social_links_bg":"","ocean_menu_social_hover_links_bg":"","ocean_menu_social_links_color":"","ocean_menu_social_hover_links_color":"","ocean_disable_title":"default","ocean_disable_heading":"default","ocean_post_title":"","ocean_post_subheading":"","ocean_post_title_style":"","ocean_post_title_background_color":"","ocean_post_title_background":0,"ocean_post_title_bg_image_position":"","ocean_post_title_bg_image_attachment":"","ocean_post_title_bg_image_repeat":"","ocean_post_title_bg_image_size":"","ocean_post_title_height":0,"ocean_post_title_bg_overlay":0.5,"ocean_post_title_bg_overlay_color":"","ocean_disable_breadcrumbs":"default","ocean_breadcrumbs_color":"","ocean_breadcrumbs_separator_color":"","ocean_breadcrumbs_links_color":"","ocean_breadcrumbs_links_hover_color":"","ocean_display_footer_widgets":"default","ocean_display_footer_bottom":"default","ocean_custom_footer_template":"0"},"product_brand":[],"product_cat":[59],"product_tag":[],"class_list":{"0":"post-14337","1":"product","2":"type-product","3":"status-publish","4":"has-post-thumbnail","6":"product_cat-la-gamme-daliments","7":"product_shipping_class-produits-livrables","9":"entry","10":"has-media","12":"first","13":"instock","14":"taxable","15":"shipping-taxable","16":"purchasable","17":"product-type-variable","18":"has-product-nav","19":"col","20":"span_1_of_4","21":"owp-content-center","22":"owp-thumbs-layout-horizontal","23":"owp-btn-big","24":"owp-tabs-layout-vertical"},"aioseo_notices":[],"jetpack_sharing_enabled":true,"_links":{"self":[{"href":"https:\/\/oliveraieducoudon.com\/index.php?rest_route=\/wp\/v2\/product\/14337","targetHints":{"allow":["GET"]}}],"collection":[{"href":"https:\/\/oliveraieducoudon.com\/index.php?rest_route=\/wp\/v2\/product"}],"about":[{"href":"https:\/\/oliveraieducoudon.com\/index.php?rest_route=\/wp\/v2\/types\/product"}],"replies":[{"embeddable":true,"href":"https:\/\/oliveraieducoudon.com\/index.php?rest_route=%2Fwp%2Fv2%2Fcomments&post=14337"}],"wp:featuredmedia":[{"embeddable":true,"href":"https:\/\/oliveraieducoudon.com\/index.php?rest_route=\/wp\/v2\/media\/14334"}],"wp:attachment":[{"href":"https:\/\/oliveraieducoudon.com\/index.php?rest_route=%2Fwp%2Fv2%2Fmedia&parent=14337"}],"wp:term":[{"taxonomy":"product_brand","embeddable":true,"href":"https:\/\/oliveraieducoudon.com\/index.php?rest_route=%2Fwp%2Fv2%2Fproduct_brand&post=14337"},{"taxonomy":"product_cat","embeddable":true,"href":"https:\/\/oliveraieducoudon.com\/index.php?rest_route=%2Fwp%2Fv2%2Fproduct_cat&post=14337"},{"taxonomy":"product_tag","embeddable":true,"href":"https:\/\/oliveraieducoudon.com\/index.php?rest_route=%2Fwp%2Fv2%2Fproduct_tag&post=14337"}],"curies":[{"name":"wp","href":"https:\/\/api.w.org\/{rel}","templated":true}]}}