{"id":14315,"date":"2023-10-21T13:59:18","date_gmt":"2023-10-21T11:59:18","guid":{"rendered":"http:\/\/oliveraieducoudon.com\/?post_type=product&#038;p=14315"},"modified":"2023-11-21T12:03:18","modified_gmt":"2023-11-21T11:03:18","slug":"kh-1kg","status":"publish","type":"product","link":"https:\/\/oliveraieducoudon.com\/?product=kh-1kg","title":{"rendered":"KH +  1kg"},"content":{"rendered":"<p><span style=\"color: #808000;\"><em><strong>KH\u00a0 + \u00a0Augmente le KH de l\u2019eau<\/strong><\/em><\/span><\/p>\n<p>Augmente le KH de l\u2019eau (duret\u00e9 carbonat\u00e9e) \u2022 A base de sels min\u00e9raux et d\u2019oligo-\u00e9l\u00e9ments. \u2022 Stabilise le pH et l\u2019\u00e9cosyst\u00e8me en g\u00e9n\u00e9ral. \u2022 Renforce l\u2019effet des bact\u00e9ries et am\u00e9liore la filtration biologique. \u2022 Aide \u00e0 la min\u00e9ralisation des vases. \u2022 Provoque la pr\u00e9cipitation des phosphates et rend l\u2019eau plus limpide. \u2022 Pr\u00e9vient les carences et les maladies. \u2022 Diminue l\u2019effet n\u00e9faste de nombreux toxiques en solution (m\u00e9taux lourds, traitements, &#8230;). Un KH optimal se situe entre 8 et 12\u00b0A. L\u2019eau de pluie fait baisser le KH. Une valeur trop basse est n\u00e9faste \u00e0 la filtration et au d\u00e9veloppement des plantes et des poissons. Contr\u00f4lez r\u00e9guli\u00e8rement le KH surtout apr\u00e8s de fortes pluies et en p\u00e9riode de s\u00e9cheresse. Corrigez si besoin. Contient un extrait min\u00e9ral naturellement riche en oligo-\u00e9l\u00e9ment.<\/p>\n","protected":false},"excerpt":{"rendered":"<p>KH\u00a0 + \u00a0Augmente le KH de l\u2019eau Augmente le KH de l\u2019eau (duret\u00e9 carbonat\u00e9e) \u2022 A base de sels min\u00e9raux et d\u2019oligo-\u00e9l\u00e9ments. \u2022 Stabilise le pH et l\u2019\u00e9cosyst\u00e8me en g\u00e9n\u00e9ral. \u2022 Renforce l\u2019effet des bact\u00e9ries et am\u00e9liore la filtration biologique. \u2022 Aide \u00e0 la min\u00e9ralisation des vases. \u2022 Provoque la pr\u00e9cipitation des phosphates et rend [&hellip;]<\/p>\n","protected":false},"featured_media":14316,"comment_status":"open","ping_status":"closed","template":"","meta":{"om_disable_all_campaigns":false,"_monsterinsights_skip_tracking":false,"_monsterinsights_sitenote_active":false,"_monsterinsights_sitenote_note":"","_monsterinsights_sitenote_category":0,"ocean_post_layout":"","ocean_both_sidebars_style":"","ocean_both_sidebars_content_width":0,"ocean_both_sidebars_sidebars_width":0,"ocean_sidebar":"0","ocean_second_sidebar":"0","ocean_disable_margins":"enable","ocean_add_body_class":"","ocean_shortcode_before_top_bar":"","ocean_shortcode_after_top_bar":"","ocean_shortcode_before_header":"","ocean_shortcode_after_header":"","ocean_has_shortcode":"","ocean_shortcode_after_title":"","ocean_shortcode_before_footer_widgets":"","ocean_shortcode_after_footer_widgets":"","ocean_shortcode_before_footer_bottom":"","ocean_shortcode_after_footer_bottom":"","ocean_display_top_bar":"default","ocean_display_header":"default","ocean_header_style":"","ocean_center_header_left_menu":"0","ocean_custom_header_template":"0","ocean_custom_logo":0,"ocean_custom_retina_logo":0,"ocean_custom_logo_max_width":0,"ocean_custom_logo_tablet_max_width":0,"ocean_custom_logo_mobile_max_width":0,"ocean_custom_logo_max_height":0,"ocean_custom_logo_tablet_max_height":0,"ocean_custom_logo_mobile_max_height":0,"ocean_header_custom_menu":"0","ocean_menu_typo_font_family":"0","ocean_menu_typo_font_subset":"","ocean_menu_typo_font_size":0,"ocean_menu_typo_font_size_tablet":0,"ocean_menu_typo_font_size_mobile":0,"ocean_menu_typo_font_size_unit":"px","ocean_menu_typo_font_weight":"","ocean_menu_typo_font_weight_tablet":"","ocean_menu_typo_font_weight_mobile":"","ocean_menu_typo_transform":"","ocean_menu_typo_transform_tablet":"","ocean_menu_typo_transform_mobile":"","ocean_menu_typo_line_height":0,"ocean_menu_typo_line_height_tablet":0,"ocean_menu_typo_line_height_mobile":0,"ocean_menu_typo_line_height_unit":"","ocean_menu_typo_spacing":0,"ocean_menu_typo_spacing_tablet":0,"ocean_menu_typo_spacing_mobile":0,"ocean_menu_typo_spacing_unit":"","ocean_menu_link_color":"","ocean_menu_link_color_hover":"","ocean_menu_link_color_active":"","ocean_menu_link_background":"","ocean_menu_link_hover_background":"","ocean_menu_link_active_background":"","ocean_menu_social_links_bg":"","ocean_menu_social_hover_links_bg":"","ocean_menu_social_links_color":"","ocean_menu_social_hover_links_color":"","ocean_disable_title":"default","ocean_disable_heading":"default","ocean_post_title":"","ocean_post_subheading":"","ocean_post_title_style":"","ocean_post_title_background_color":"","ocean_post_title_background":0,"ocean_post_title_bg_image_position":"","ocean_post_title_bg_image_attachment":"","ocean_post_title_bg_image_repeat":"","ocean_post_title_bg_image_size":"","ocean_post_title_height":0,"ocean_post_title_bg_overlay":0.5,"ocean_post_title_bg_overlay_color":"","ocean_disable_breadcrumbs":"default","ocean_breadcrumbs_color":"","ocean_breadcrumbs_separator_color":"","ocean_breadcrumbs_links_color":"","ocean_breadcrumbs_links_hover_color":"","ocean_display_footer_widgets":"default","ocean_display_footer_bottom":"default","ocean_custom_footer_template":"0"},"product_brand":[],"product_cat":[58],"product_tag":[],"class_list":{"0":"post-14315","1":"product","2":"type-product","3":"status-publish","4":"has-post-thumbnail","6":"product_cat-produits","7":"product_shipping_class-produits-livrables","9":"entry","10":"has-media","12":"first","13":"instock","14":"taxable","15":"shipping-taxable","16":"purchasable","17":"product-type-simple","18":"has-product-nav","19":"col","20":"span_1_of_4","21":"owp-content-center","22":"owp-thumbs-layout-horizontal","23":"owp-btn-big","24":"owp-tabs-layout-vertical","25":"has-no-thumbnails"},"aioseo_notices":[],"jetpack_sharing_enabled":true,"_links":{"self":[{"href":"https:\/\/oliveraieducoudon.com\/index.php?rest_route=\/wp\/v2\/product\/14315","targetHints":{"allow":["GET"]}}],"collection":[{"href":"https:\/\/oliveraieducoudon.com\/index.php?rest_route=\/wp\/v2\/product"}],"about":[{"href":"https:\/\/oliveraieducoudon.com\/index.php?rest_route=\/wp\/v2\/types\/product"}],"replies":[{"embeddable":true,"href":"https:\/\/oliveraieducoudon.com\/index.php?rest_route=%2Fwp%2Fv2%2Fcomments&post=14315"}],"wp:featuredmedia":[{"embeddable":true,"href":"https:\/\/oliveraieducoudon.com\/index.php?rest_route=\/wp\/v2\/media\/14316"}],"wp:attachment":[{"href":"https:\/\/oliveraieducoudon.com\/index.php?rest_route=%2Fwp%2Fv2%2Fmedia&parent=14315"}],"wp:term":[{"taxonomy":"product_brand","embeddable":true,"href":"https:\/\/oliveraieducoudon.com\/index.php?rest_route=%2Fwp%2Fv2%2Fproduct_brand&post=14315"},{"taxonomy":"product_cat","embeddable":true,"href":"https:\/\/oliveraieducoudon.com\/index.php?rest_route=%2Fwp%2Fv2%2Fproduct_cat&post=14315"},{"taxonomy":"product_tag","embeddable":true,"href":"https:\/\/oliveraieducoudon.com\/index.php?rest_route=%2Fwp%2Fv2%2Fproduct_tag&post=14315"}],"curies":[{"name":"wp","href":"https:\/\/api.w.org\/{rel}","templated":true}]}}