{"id":14280,"date":"2023-10-18T15:10:33","date_gmt":"2023-10-18T13:10:33","guid":{"rendered":"http:\/\/oliveraieducoudon.com\/?post_type=product&#038;p=14280"},"modified":"2025-06-23T14:49:21","modified_gmt":"2025-06-23T12:49:21","slug":"bungalow-7m-x-3m-vendu-en-kit","status":"publish","type":"product","link":"https:\/\/oliveraieducoudon.com\/?product=bungalow-7m-x-3m-vendu-en-kit","title":{"rendered":"Bungalow L7m x L3m VENDU EN KIT"},"content":{"rendered":"<h2><em><strong><span style=\"color: #0000ff;\">Nos containers bungalows en kit sont id\u00e9als pour les acc\u00e8s difficiles <\/span><\/strong><\/em><\/h2>\n<p><strong># livr\u00e9s en kit sur palettes, pas besoin de grue, ni de v\u00e9hicule encombrant<\/strong><\/p>\n<p><strong># ils existent en version anthracite, avec possibilit\u00e9 de remplacer les fen\u00eatres par des baies.(en options)<\/strong><\/p>\n<p><strong># Vous avez la possibilit\u00e9 de placer la porte ou les fen\u00eatre ou vous voulez, nos clients les habillent parfois avec du bois ou autres&#8230;<\/strong><\/p>\n<div>\n<p><strong># Option version anthracite\u00a0<\/strong><\/p>\n<\/div>\n<div>\n<p><strong># Option baie vitr\u00e9e ou grande fen\u00eatre\u00a0<\/strong><\/p>\n<\/div>\n<h2><span style=\"color: #0000ff;\">Description<\/span><\/h2>\n<p><strong>BUNGALOW VENDU EN KIT (A MONTER SOI-MEME, GUIDE DE MONTAGE FOURNI)<\/strong><\/p>\n<p><strong>OPTION MONTAGE PROPOSEE : PRIX SELON DEVIS<\/strong><\/p>\n<h3><span style=\"color: #0000ff;\"><strong>Caract\u00e9ristiques techniques<\/strong><\/span><\/h3>\n<h4><span style=\"color: #993366;\"><strong>DIMENSIONS<\/strong><\/span><\/h4>\n<p><strong>Hauteur ext\u00e9rieure : 258 cm<\/strong><\/p>\n<p><strong>Hauteur int\u00e9rieure : 220 cm<\/strong><\/p>\n<p><strong>Longueur : 695 cm<\/strong><\/p>\n<p><strong>Largeur : 300 cm<\/strong><\/p>\n<h4><span style=\"color: #993366;\">OSSATURE<\/span><\/h4>\n<p><strong>Description : Acier galvanis\u00e9 et laqu\u00e9<\/strong><\/p>\n<p><strong>Couleur : Blanc RAL 7016<\/strong><\/p>\n<p><strong>\u00c9paisseur : 2 mm<\/strong><\/p>\n<p><strong>Toiture : hauteur 250 mm<\/strong><\/p>\n<p><strong>Manutention : 4 prises sur la toiture pour crochets de levage\u00a0<\/strong><\/p>\n<h4><span style=\"color: #993366;\">PAROIS ET TOITURE<\/span><\/h4>\n<p><strong>Mati\u00e8re : Panneaux sandwich<\/strong><\/p>\n<p><strong>Isolation : Mousse rigide de polyur\u00e9thane<\/strong><\/p>\n<p><strong>\u00c9paisseur Parois : 50 mm<\/strong><\/p>\n<p><strong>\u00c9paisseur Plafond : 40 mm<\/strong><\/p>\n<p><strong>Couverture Plafond : T\u00f4le d\u2019acier galvanis\u00e9 avec ondes grecques<\/strong><\/p>\n<p><strong>Couleur panneaux : Blanc RAL 7016<\/strong><\/p>\n<h4><span style=\"color: #993366;\">PLANCHER<\/span><\/h4>\n<p><strong>Structure : Plaques de fibrociment\u00a0<\/strong><\/p>\n<p><strong>\u00c9paisseur : 16 mm<\/strong><\/p>\n<p><strong>Rev\u00eatement : PVC<\/strong><\/p>\n<h4><span style=\"color: #993366;\">MENUISERIES<\/span><\/h4>\n<p><strong>Porte : 1 porte pleine d\u2019acier galvanis\u00e9 dim. 90 x 200 cm\u00a0<\/strong><\/p>\n<p><strong>Fen\u00eatres : 2 fen\u00eatres PVC dim. 100 x 100 cm , double vitrage, 1 ventail<\/strong><\/p>\n<h4><span style=\"color: #993366;\">\u00c9LECTRICIT\u00c9<\/span><\/h4>\n<h4>\u00c9clairage : 2 n\u00e9ons LED<\/h4>\n<p><strong>Prises : 2 prises de courant<\/strong><\/p>\n<p><strong>Tableau : 1 tableau incluant inter-diff\u00e9rentiel et disjoncteurs<\/strong><\/p>\n<p><strong>Interrupteur : 1<\/strong><\/p>\n<p><strong>poids 1300Kg <\/strong><\/p>\n<p><strong>Livraison en 2 palettes<\/strong><\/p>\n<h4><span style=\"color: #ff6600;\">tarif de livraison a d\u00e9finir sur devis\u00a0<\/span><\/h4>\n<h3><strong><span style=\"color: #0000ff;\"><a style=\"color: #0000ff;\" href=\"https:\/\/www.facebook.com\/profile.php?id=100094735075646\">Visitez notre Page Facebook<\/a><\/span><\/strong><\/h3>\n","protected":false},"excerpt":{"rendered":"<p>Nos containers bungalows en kit sont id\u00e9als pour les acc\u00e8s difficiles # livr\u00e9s en kit sur palettes, pas besoin de grue, ni de v\u00e9hicule encombrant # ils existent en version anthracite, avec possibilit\u00e9 de remplacer les fen\u00eatres par des baies.(en options) # Vous avez la possibilit\u00e9 de placer la porte ou les fen\u00eatre ou vous [&hellip;]<\/p>\n","protected":false},"featured_media":14282,"comment_status":"open","ping_status":"closed","template":"","meta":{"om_disable_all_campaigns":false,"_monsterinsights_skip_tracking":false,"_monsterinsights_sitenote_active":false,"_monsterinsights_sitenote_note":"","_monsterinsights_sitenote_category":0,"ocean_post_layout":"","ocean_both_sidebars_style":"","ocean_both_sidebars_content_width":0,"ocean_both_sidebars_sidebars_width":0,"ocean_sidebar":"0","ocean_second_sidebar":"0","ocean_disable_margins":"enable","ocean_add_body_class":"","ocean_shortcode_before_top_bar":"","ocean_shortcode_after_top_bar":"","ocean_shortcode_before_header":"","ocean_shortcode_after_header":"","ocean_has_shortcode":"","ocean_shortcode_after_title":"","ocean_shortcode_before_footer_widgets":"","ocean_shortcode_after_footer_widgets":"","ocean_shortcode_before_footer_bottom":"","ocean_shortcode_after_footer_bottom":"","ocean_display_top_bar":"default","ocean_display_header":"default","ocean_header_style":"","ocean_center_header_left_menu":"0","ocean_custom_header_template":"0","ocean_custom_logo":0,"ocean_custom_retina_logo":0,"ocean_custom_logo_max_width":0,"ocean_custom_logo_tablet_max_width":0,"ocean_custom_logo_mobile_max_width":0,"ocean_custom_logo_max_height":0,"ocean_custom_logo_tablet_max_height":0,"ocean_custom_logo_mobile_max_height":0,"ocean_header_custom_menu":"0","ocean_menu_typo_font_family":"0","ocean_menu_typo_font_subset":"","ocean_menu_typo_font_size":0,"ocean_menu_typo_font_size_tablet":0,"ocean_menu_typo_font_size_mobile":0,"ocean_menu_typo_font_size_unit":"px","ocean_menu_typo_font_weight":"","ocean_menu_typo_font_weight_tablet":"","ocean_menu_typo_font_weight_mobile":"","ocean_menu_typo_transform":"","ocean_menu_typo_transform_tablet":"","ocean_menu_typo_transform_mobile":"","ocean_menu_typo_line_height":0,"ocean_menu_typo_line_height_tablet":0,"ocean_menu_typo_line_height_mobile":0,"ocean_menu_typo_line_height_unit":"","ocean_menu_typo_spacing":0,"ocean_menu_typo_spacing_tablet":0,"ocean_menu_typo_spacing_mobile":0,"ocean_menu_typo_spacing_unit":"","ocean_menu_link_color":"","ocean_menu_link_color_hover":"","ocean_menu_link_color_active":"","ocean_menu_link_background":"","ocean_menu_link_hover_background":"","ocean_menu_link_active_background":"","ocean_menu_social_links_bg":"","ocean_menu_social_hover_links_bg":"","ocean_menu_social_links_color":"","ocean_menu_social_hover_links_color":"","ocean_disable_title":"default","ocean_disable_heading":"default","ocean_post_title":"","ocean_post_subheading":"","ocean_post_title_style":"","ocean_post_title_background_color":"","ocean_post_title_background":0,"ocean_post_title_bg_image_position":"","ocean_post_title_bg_image_attachment":"","ocean_post_title_bg_image_repeat":"","ocean_post_title_bg_image_size":"","ocean_post_title_height":0,"ocean_post_title_bg_overlay":0.5,"ocean_post_title_bg_overlay_color":"","ocean_disable_breadcrumbs":"default","ocean_breadcrumbs_color":"","ocean_breadcrumbs_separator_color":"","ocean_breadcrumbs_links_color":"","ocean_breadcrumbs_links_hover_color":"","ocean_display_footer_widgets":"default","ocean_display_footer_bottom":"default","ocean_custom_footer_template":"0"},"product_brand":[],"product_cat":[35],"product_tag":[],"class_list":{"0":"post-14280","1":"product","2":"type-product","3":"status-publish","4":"has-post-thumbnail","6":"product_cat-containeur-bungalow-en-kit","7":"product_shipping_class-livraison-sur-devis-nous-contacter","9":"entry","10":"has-media","12":"first","13":"instock","14":"taxable","15":"shipping-taxable","16":"purchasable","17":"product-type-simple","18":"has-product-nav","19":"col","20":"span_1_of_4","21":"owp-content-center","22":"owp-thumbs-layout-horizontal","23":"owp-btn-big","24":"owp-tabs-layout-vertical"},"aioseo_notices":[],"jetpack_sharing_enabled":true,"_links":{"self":[{"href":"https:\/\/oliveraieducoudon.com\/index.php?rest_route=\/wp\/v2\/product\/14280","targetHints":{"allow":["GET"]}}],"collection":[{"href":"https:\/\/oliveraieducoudon.com\/index.php?rest_route=\/wp\/v2\/product"}],"about":[{"href":"https:\/\/oliveraieducoudon.com\/index.php?rest_route=\/wp\/v2\/types\/product"}],"replies":[{"embeddable":true,"href":"https:\/\/oliveraieducoudon.com\/index.php?rest_route=%2Fwp%2Fv2%2Fcomments&post=14280"}],"wp:featuredmedia":[{"embeddable":true,"href":"https:\/\/oliveraieducoudon.com\/index.php?rest_route=\/wp\/v2\/media\/14282"}],"wp:attachment":[{"href":"https:\/\/oliveraieducoudon.com\/index.php?rest_route=%2Fwp%2Fv2%2Fmedia&parent=14280"}],"wp:term":[{"taxonomy":"product_brand","embeddable":true,"href":"https:\/\/oliveraieducoudon.com\/index.php?rest_route=%2Fwp%2Fv2%2Fproduct_brand&post=14280"},{"taxonomy":"product_cat","embeddable":true,"href":"https:\/\/oliveraieducoudon.com\/index.php?rest_route=%2Fwp%2Fv2%2Fproduct_cat&post=14280"},{"taxonomy":"product_tag","embeddable":true,"href":"https:\/\/oliveraieducoudon.com\/index.php?rest_route=%2Fwp%2Fv2%2Fproduct_tag&post=14280"}],"curies":[{"name":"wp","href":"https:\/\/api.w.org\/{rel}","templated":true}]}}