{"id":17013,"date":"2023-12-18T11:13:07","date_gmt":"2023-12-18T10:13:07","guid":{"rendered":"https:\/\/oliveraieducoudon.com\/?page_id=17013"},"modified":"2023-12-26T10:51:05","modified_gmt":"2023-12-26T09:51:05","slug":"la-page-des-amis-de-loliveraie","status":"publish","type":"page","link":"https:\/\/oliveraieducoudon.com\/?page_id=17013","title":{"rendered":"La page des amis de l&rsquo;Oliveraie"},"content":{"rendered":"\t\t<div data-elementor-type=\"wp-page\" data-elementor-id=\"17013\" class=\"elementor elementor-17013\">\n\t\t\t\t<div class=\"elementor-element elementor-element-28c6bf4 e-flex e-con-boxed e-con e-parent\" data-id=\"28c6bf4\" data-element_type=\"container\" data-e-type=\"container\">\n\t\t\t\t\t<div class=\"e-con-inner\">\n\t\t\t\t<div class=\"elementor-element elementor-element-35f5428 elementor-widget elementor-widget-heading\" data-id=\"35f5428\" data-element_type=\"widget\" data-e-type=\"widget\" data-widget_type=\"heading.default\">\n\t\t\t\t<div class=\"elementor-widget-container\">\n\t\t\t\t\t<h2 class=\"elementor-heading-title elementor-size-default\">Voici la page consacr\u00e9e \u00e0 nos amis<\/h2>\t\t\t\t<\/div>\n\t\t\t\t<\/div>\n\t\t\t\t\t<\/div>\n\t\t\t\t<\/div>\n\t\t<div class=\"elementor-element elementor-element-f1daadd e-flex e-con-boxed e-con e-parent\" data-id=\"f1daadd\" data-element_type=\"container\" data-e-type=\"container\">\n\t\t\t\t\t<div class=\"e-con-inner\">\n\t\t<div class=\"elementor-element elementor-element-9ff082b e-con-full e-flex e-con e-child\" data-id=\"9ff082b\" data-element_type=\"container\" data-e-type=\"container\">\n\t\t\t\t<div class=\"elementor-element elementor-element-6a3ac11 elementor-widget elementor-widget-image\" data-id=\"6a3ac11\" data-element_type=\"widget\" data-e-type=\"widget\" data-widget_type=\"image.default\">\n\t\t\t\t<div class=\"elementor-widget-container\">\n\t\t\t\t\t\t\t\t\t\t\t\t\t\t\t\t<a href=\"https:\/\/chtatrap.fr\">\n\t\t\t\t\t\t\t<img fetchpriority=\"high\" decoding=\"async\" width=\"1024\" height=\"1009\" src=\"https:\/\/oliveraieducoudon.com\/wp-content\/uploads\/2023\/12\/Logo-2-1024x1009-1.webp\" class=\"attachment-large size-large wp-image-17015\" alt=\"trappage chats errants\" srcset=\"https:\/\/oliveraieducoudon.com\/wp-content\/uploads\/2023\/12\/Logo-2-1024x1009-1.webp 1024w, https:\/\/oliveraieducoudon.com\/wp-content\/uploads\/2023\/12\/Logo-2-1024x1009-1-300x296.webp 300w, https:\/\/oliveraieducoudon.com\/wp-content\/uploads\/2023\/12\/Logo-2-1024x1009-1-768x757.webp 768w, https:\/\/oliveraieducoudon.com\/wp-content\/uploads\/2023\/12\/Logo-2-1024x1009-1-600x591.webp 600w, https:\/\/oliveraieducoudon.com\/wp-content\/uploads\/2023\/12\/Logo-2-1024x1009-1-100x100.webp 100w\" sizes=\"(max-width: 1024px) 100vw, 1024px\" \/>\t\t\t\t\t\t\t\t<\/a>\n\t\t\t\t\t\t\t\t\t\t\t\t\t\t\t<\/div>\n\t\t\t\t<\/div>\n\t\t\t\t<div class=\"elementor-element elementor-element-6537977 elementor-widget elementor-widget-text-editor\" data-id=\"6537977\" data-element_type=\"widget\" data-e-type=\"widget\" data-widget_type=\"text-editor.default\">\n\t\t\t\t<div class=\"elementor-widget-container\">\n\t\t\t\t\t\t\t\t\t<p>L\u2019 Association Ch\u2019tatrap a initialement \u00e9t\u00e9 cr\u00e9\u00e9e afin de st\u00e9riliser les chats de l\u2019aire Toulonnaise et mettre un frein \u00e0 la prolif\u00e9ration f\u00e9line<\/p>\t\t\t\t\t\t\t\t<\/div>\n\t\t\t\t<\/div>\n\t\t\t\t<\/div>\n\t\t<div class=\"elementor-element elementor-element-5d244e6 e-con-full e-flex e-con e-child\" data-id=\"5d244e6\" data-element_type=\"container\" data-e-type=\"container\">\n\t\t\t\t<div class=\"elementor-element elementor-element-0337117 elementor-widget elementor-widget-image\" data-id=\"0337117\" data-element_type=\"widget\" data-e-type=\"widget\" data-widget_type=\"image.default\">\n\t\t\t\t<div class=\"elementor-widget-container\">\n\t\t\t\t\t\t\t\t\t\t\t\t\t\t\t\t<a href=\"https:\/\/www.facebook.com\/profile.php?id=100064315497326\">\n\t\t\t\t\t\t\t<img decoding=\"async\" width=\"781\" height=\"780\" src=\"https:\/\/oliveraieducoudon.com\/wp-content\/uploads\/2023\/12\/309309043_458624326291413_6040700604286091384_n.jpg\" class=\"attachment-large size-large wp-image-17017\" alt=\"refuge animaux\" srcset=\"https:\/\/oliveraieducoudon.com\/wp-content\/uploads\/2023\/12\/309309043_458624326291413_6040700604286091384_n.jpg 781w, https:\/\/oliveraieducoudon.com\/wp-content\/uploads\/2023\/12\/309309043_458624326291413_6040700604286091384_n-300x300.jpg 300w, https:\/\/oliveraieducoudon.com\/wp-content\/uploads\/2023\/12\/309309043_458624326291413_6040700604286091384_n-150x150.jpg 150w, https:\/\/oliveraieducoudon.com\/wp-content\/uploads\/2023\/12\/309309043_458624326291413_6040700604286091384_n-768x767.jpg 768w, https:\/\/oliveraieducoudon.com\/wp-content\/uploads\/2023\/12\/309309043_458624326291413_6040700604286091384_n-600x599.jpg 600w, https:\/\/oliveraieducoudon.com\/wp-content\/uploads\/2023\/12\/309309043_458624326291413_6040700604286091384_n-100x100.jpg 100w\" sizes=\"(max-width: 781px) 100vw, 781px\" \/>\t\t\t\t\t\t\t\t<\/a>\n\t\t\t\t\t\t\t\t\t\t\t\t\t\t\t<\/div>\n\t\t\t\t<\/div>\n\t\t\t\t<div class=\"elementor-element elementor-element-7c2b67d elementor-widget elementor-widget-text-editor\" data-id=\"7c2b67d\" data-element_type=\"widget\" data-e-type=\"widget\" data-widget_type=\"text-editor.default\">\n\t\t\t\t<div class=\"elementor-widget-container\">\n\t\t\t\t\t\t\t\t\t<p>Le refuge de l&rsquo;Oliveraie propose un havre de paix pour des animaux d&rsquo;esp\u00e8ces vari\u00e9es : chiens, chats, oiseaux etc&#8230;<\/p>\t\t\t\t\t\t\t\t<\/div>\n\t\t\t\t<\/div>\n\t\t\t\t<\/div>\n\t\t<div class=\"elementor-element elementor-element-9e3256b e-con-full e-flex e-con e-child\" data-id=\"9e3256b\" data-element_type=\"container\" data-e-type=\"container\">\n\t\t\t\t<div class=\"elementor-element elementor-element-3470132 elementor-widget elementor-widget-image\" data-id=\"3470132\" data-element_type=\"widget\" data-e-type=\"widget\" data-widget_type=\"image.default\">\n\t\t\t\t<div class=\"elementor-widget-container\">\n\t\t\t\t\t\t\t\t\t\t\t\t\t\t\t\t<a href=\"mailto:bubo-webdesign@gmail.com\">\n\t\t\t\t\t\t\t<img decoding=\"async\" width=\"1000\" height=\"1000\" src=\"https:\/\/oliveraieducoudon.com\/wp-content\/uploads\/2023\/12\/logo-agence-bubo2.png\" class=\"attachment-large size-large wp-image-17018\" alt=\"agence digitale\" srcset=\"https:\/\/oliveraieducoudon.com\/wp-content\/uploads\/2023\/12\/logo-agence-bubo2.png 1000w, https:\/\/oliveraieducoudon.com\/wp-content\/uploads\/2023\/12\/logo-agence-bubo2-300x300.png 300w, https:\/\/oliveraieducoudon.com\/wp-content\/uploads\/2023\/12\/logo-agence-bubo2-150x150.png 150w, https:\/\/oliveraieducoudon.com\/wp-content\/uploads\/2023\/12\/logo-agence-bubo2-768x768.png 768w, https:\/\/oliveraieducoudon.com\/wp-content\/uploads\/2023\/12\/logo-agence-bubo2-600x600.png 600w, https:\/\/oliveraieducoudon.com\/wp-content\/uploads\/2023\/12\/logo-agence-bubo2-100x100.png 100w\" sizes=\"(max-width: 1000px) 100vw, 1000px\" \/>\t\t\t\t\t\t\t\t<\/a>\n\t\t\t\t\t\t\t\t\t\t\t\t\t\t\t<\/div>\n\t\t\t\t<\/div>\n\t\t\t\t<div class=\"elementor-element elementor-element-e2cf13d elementor-widget elementor-widget-text-editor\" data-id=\"e2cf13d\" data-element_type=\"widget\" data-e-type=\"widget\" data-widget_type=\"text-editor.default\">\n\t\t\t\t<div class=\"elementor-widget-container\">\n\t\t\t\t\t\t\t\t\t<p>Agence digitale : cr\u00e9ations de site, logos, contenus digitaux.\u00a0<\/p>\t\t\t\t\t\t\t\t<\/div>\n\t\t\t\t<\/div>\n\t\t\t\t<\/div>\n\t\t\t\t\t<\/div>\n\t\t\t\t<\/div>\n\t\t<div class=\"elementor-element elementor-element-dbcaef1 e-flex e-con-boxed e-con e-parent\" data-id=\"dbcaef1\" data-element_type=\"container\" data-e-type=\"container\">\n\t\t\t\t\t<div class=\"e-con-inner\">\n\t\t<div class=\"elementor-element elementor-element-db897bc e-con-full e-flex e-con e-child\" data-id=\"db897bc\" data-element_type=\"container\" data-e-type=\"container\">\n\t\t\t\t<div class=\"elementor-element elementor-element-eca9777 elementor-widget elementor-widget-image\" data-id=\"eca9777\" data-element_type=\"widget\" data-e-type=\"widget\" data-widget_type=\"image.default\">\n\t\t\t\t<div class=\"elementor-widget-container\">\n\t\t\t\t\t\t\t\t\t\t\t\t\t\t\t\t<a href=\"https:\/\/arkuswork.com\/\">\n\t\t\t\t\t\t\t<img loading=\"lazy\" decoding=\"async\" width=\"709\" height=\"709\" src=\"https:\/\/oliveraieducoudon.com\/wp-content\/uploads\/2023\/12\/160289091_118014443672491_2171780538396817893_n.jpg\" class=\"attachment-large size-large wp-image-17036\" alt=\"photographe animalier\" srcset=\"https:\/\/oliveraieducoudon.com\/wp-content\/uploads\/2023\/12\/160289091_118014443672491_2171780538396817893_n.jpg 709w, https:\/\/oliveraieducoudon.com\/wp-content\/uploads\/2023\/12\/160289091_118014443672491_2171780538396817893_n-300x300.jpg 300w, https:\/\/oliveraieducoudon.com\/wp-content\/uploads\/2023\/12\/160289091_118014443672491_2171780538396817893_n-150x150.jpg 150w, https:\/\/oliveraieducoudon.com\/wp-content\/uploads\/2023\/12\/160289091_118014443672491_2171780538396817893_n-600x600.jpg 600w, https:\/\/oliveraieducoudon.com\/wp-content\/uploads\/2023\/12\/160289091_118014443672491_2171780538396817893_n-100x100.jpg 100w\" sizes=\"(max-width: 709px) 100vw, 709px\" \/>\t\t\t\t\t\t\t\t<\/a>\n\t\t\t\t\t\t\t\t\t\t\t\t\t\t\t<\/div>\n\t\t\t\t<\/div>\n\t\t\t\t<div class=\"elementor-element elementor-element-c1468c6 elementor-widget elementor-widget-text-editor\" data-id=\"c1468c6\" data-element_type=\"widget\" data-e-type=\"widget\" data-widget_type=\"text-editor.default\">\n\t\t\t\t<div class=\"elementor-widget-container\">\n\t\t\t\t\t\t\t\t\t<p>Ark.Us &#8211; Photographe animalier sp\u00e9cialis\u00e9 dans le monde f\u00e9lin<\/p>\t\t\t\t\t\t\t\t<\/div>\n\t\t\t\t<\/div>\n\t\t\t\t<\/div>\n\t\t<div class=\"elementor-element elementor-element-a2b0b2d e-con-full e-flex e-con e-child\" data-id=\"a2b0b2d\" data-element_type=\"container\" data-e-type=\"container\">\n\t\t\t\t<div class=\"elementor-element elementor-element-36fac24 elementor-widget elementor-widget-image\" data-id=\"36fac24\" data-element_type=\"widget\" data-e-type=\"widget\" data-widget_type=\"image.default\">\n\t\t\t\t<div class=\"elementor-widget-container\">\n\t\t\t\t\t\t\t\t\t\t\t\t\t\t\t\t<a href=\"http:\/\/www.chat-siberien-grande-etoile.com\">\n\t\t\t\t\t\t\t<img loading=\"lazy\" decoding=\"async\" width=\"944\" height=\"1024\" src=\"https:\/\/oliveraieducoudon.com\/wp-content\/uploads\/2023\/12\/logo-de-la-grande-etoile-vectoriel-noir-944x1024.png\" class=\"attachment-large size-large wp-image-17019\" alt=\"\" srcset=\"https:\/\/oliveraieducoudon.com\/wp-content\/uploads\/2023\/12\/logo-de-la-grande-etoile-vectoriel-noir-944x1024.png 944w, https:\/\/oliveraieducoudon.com\/wp-content\/uploads\/2023\/12\/logo-de-la-grande-etoile-vectoriel-noir-276x300.png 276w, https:\/\/oliveraieducoudon.com\/wp-content\/uploads\/2023\/12\/logo-de-la-grande-etoile-vectoriel-noir-768x833.png 768w, https:\/\/oliveraieducoudon.com\/wp-content\/uploads\/2023\/12\/logo-de-la-grande-etoile-vectoriel-noir-600x651.png 600w, https:\/\/oliveraieducoudon.com\/wp-content\/uploads\/2023\/12\/logo-de-la-grande-etoile-vectoriel-noir.png 1140w\" sizes=\"(max-width: 944px) 100vw, 944px\" \/>\t\t\t\t\t\t\t\t<\/a>\n\t\t\t\t\t\t\t\t\t\t\t\t\t\t\t<\/div>\n\t\t\t\t<\/div>\n\t\t\t\t<div class=\"elementor-element elementor-element-467bea2 elementor-widget elementor-widget-text-editor\" data-id=\"467bea2\" data-element_type=\"widget\" data-e-type=\"widget\" data-widget_type=\"text-editor.default\">\n\t\t\t\t<div class=\"elementor-widget-container\">\n\t\t\t\t\t\t\t\t\t<p>Chatterie \u00e9thique et familiale de chats sib\u00e9riens \u00e0 Marseille.<\/p>\t\t\t\t\t\t\t\t<\/div>\n\t\t\t\t<\/div>\n\t\t\t\t<\/div>\n\t\t<div class=\"elementor-element elementor-element-57d418a e-con-full e-flex e-con e-child\" data-id=\"57d418a\" data-element_type=\"container\" data-e-type=\"container\">\n\t\t\t\t<div class=\"elementor-element elementor-element-2a93402 elementor-widget elementor-widget-image\" data-id=\"2a93402\" data-element_type=\"widget\" data-e-type=\"widget\" data-widget_type=\"image.default\">\n\t\t\t\t<div class=\"elementor-widget-container\">\n\t\t\t\t\t\t\t\t\t\t\t\t\t\t\t\t<a href=\"https:\/\/www.facebook.com\/atelierchristellebuso\">\n\t\t\t\t\t\t\t<img loading=\"lazy\" decoding=\"async\" width=\"1024\" height=\"1024\" src=\"https:\/\/oliveraieducoudon.com\/wp-content\/uploads\/2023\/12\/buso-1024x1024.png\" class=\"attachment-large size-large wp-image-17042\" alt=\"\" srcset=\"https:\/\/oliveraieducoudon.com\/wp-content\/uploads\/2023\/12\/buso-1024x1024.png 1024w, https:\/\/oliveraieducoudon.com\/wp-content\/uploads\/2023\/12\/buso-300x300.png 300w, https:\/\/oliveraieducoudon.com\/wp-content\/uploads\/2023\/12\/buso-150x150.png 150w, https:\/\/oliveraieducoudon.com\/wp-content\/uploads\/2023\/12\/buso-768x768.png 768w, https:\/\/oliveraieducoudon.com\/wp-content\/uploads\/2023\/12\/buso-600x600.png 600w, https:\/\/oliveraieducoudon.com\/wp-content\/uploads\/2023\/12\/buso-100x100.png 100w, https:\/\/oliveraieducoudon.com\/wp-content\/uploads\/2023\/12\/buso.png 1080w\" sizes=\"(max-width: 1024px) 100vw, 1024px\" \/>\t\t\t\t\t\t\t\t<\/a>\n\t\t\t\t\t\t\t\t\t\t\t\t\t\t\t<\/div>\n\t\t\t\t<\/div>\n\t\t\t\t<div class=\"elementor-element elementor-element-42b37cd elementor-widget elementor-widget-text-editor\" data-id=\"42b37cd\" data-element_type=\"widget\" data-e-type=\"widget\" data-widget_type=\"text-editor.default\">\n\t\t\t\t<div class=\"elementor-widget-container\">\n\t\t\t\t\t\t\t\t\t<p>Atelier Buso : <span class=\"x193iq5w xeuugli x13faqbe x1vvkbs x1xmvt09 x1lliihq x1s928wv xhkezso x1gmr53x x1cpjm7i x1fgarty x1943h6x xudqn12 x3x7a5m x6prxxf xvq8zen xo1l8bm xzsf02u\" dir=\"auto\">R\u00e9alisez vos r\u00eaves de d\u00e9coration en faisant appel \u00e0 nos \u00e9quipes de professionnels de la peinture<\/span><\/p>\t\t\t\t\t\t\t\t<\/div>\n\t\t\t\t<\/div>\n\t\t\t\t<\/div>\n\t\t<div class=\"elementor-element elementor-element-56a56d7 e-con-full e-flex e-con e-child\" data-id=\"56a56d7\" data-element_type=\"container\" data-e-type=\"container\">\n\t\t\t\t<div class=\"elementor-element elementor-element-7ea907f elementor-widget elementor-widget-image\" data-id=\"7ea907f\" data-element_type=\"widget\" data-e-type=\"widget\" data-widget_type=\"image.default\">\n\t\t\t\t<div class=\"elementor-widget-container\">\n\t\t\t\t\t\t\t\t\t\t\t\t\t\t\t\t<a href=\"https:\/\/www.facebook.com\/lafourneeprovencale\/?locale=fr_FR\">\n\t\t\t\t\t\t\t<img loading=\"lazy\" decoding=\"async\" width=\"866\" height=\"866\" src=\"https:\/\/oliveraieducoudon.com\/wp-content\/uploads\/2023\/12\/396214494_818604733601982_6941915991489579962_n-e1703584076633.jpg\" class=\"attachment-full size-full wp-image-17040\" alt=\"\" srcset=\"https:\/\/oliveraieducoudon.com\/wp-content\/uploads\/2023\/12\/396214494_818604733601982_6941915991489579962_n-e1703584076633.jpg 866w, https:\/\/oliveraieducoudon.com\/wp-content\/uploads\/2023\/12\/396214494_818604733601982_6941915991489579962_n-e1703584076633-300x300.jpg 300w, https:\/\/oliveraieducoudon.com\/wp-content\/uploads\/2023\/12\/396214494_818604733601982_6941915991489579962_n-e1703584076633-150x150.jpg 150w, https:\/\/oliveraieducoudon.com\/wp-content\/uploads\/2023\/12\/396214494_818604733601982_6941915991489579962_n-e1703584076633-768x768.jpg 768w, https:\/\/oliveraieducoudon.com\/wp-content\/uploads\/2023\/12\/396214494_818604733601982_6941915991489579962_n-e1703584076633-600x600.jpg 600w, https:\/\/oliveraieducoudon.com\/wp-content\/uploads\/2023\/12\/396214494_818604733601982_6941915991489579962_n-e1703584076633-100x100.jpg 100w\" sizes=\"(max-width: 866px) 100vw, 866px\" \/>\t\t\t\t\t\t\t\t<\/a>\n\t\t\t\t\t\t\t\t\t\t\t\t\t\t\t<\/div>\n\t\t\t\t<\/div>\n\t\t\t\t<div class=\"elementor-element elementor-element-6c2e3b0 elementor-widget elementor-widget-text-editor\" data-id=\"6c2e3b0\" data-element_type=\"widget\" data-e-type=\"widget\" data-widget_type=\"text-editor.default\">\n\t\t\t\t<div class=\"elementor-widget-container\">\n\t\t\t\t\t\t\t\t\t<p>La fourn\u00e9e proven\u00e7ale- Artisan Boulanger &#8211; La Valette dur Var<\/p>\t\t\t\t\t\t\t\t<\/div>\n\t\t\t\t<\/div>\n\t\t\t\t<\/div>\n\t\t\t\t\t<\/div>\n\t\t\t\t<\/div>\n\t\t\t\t<\/div>\n\t\t","protected":false},"excerpt":{"rendered":"<p>Voici la page consacr\u00e9e \u00e0 nos amis L\u2019 Association Ch\u2019tatrap a initialement \u00e9t\u00e9 cr\u00e9\u00e9e afin de st\u00e9riliser les chats de l\u2019aire Toulonnaise et mettre un frein \u00e0 la prolif\u00e9ration f\u00e9line Le refuge de l&rsquo;Oliveraie propose un havre de paix pour des animaux d&rsquo;esp\u00e8ces vari\u00e9es : chiens, chats, oiseaux etc&#8230; Agence digitale : cr\u00e9ations de site, [&hellip;]<\/p>\n","protected":false},"author":1,"featured_media":0,"parent":0,"menu_order":0,"comment_status":"closed","ping_status":"closed","template":"","meta":{"om_disable_all_campaigns":false,"_monsterinsights_skip_tracking":false,"_monsterinsights_sitenote_active":false,"_monsterinsights_sitenote_note":"","_monsterinsights_sitenote_category":0,"ocean_post_layout":"","ocean_both_sidebars_style":"","ocean_both_sidebars_content_width":0,"ocean_both_sidebars_sidebars_width":0,"ocean_sidebar":"","ocean_second_sidebar":"","ocean_disable_margins":"enable","ocean_add_body_class":"","ocean_shortcode_before_top_bar":"","ocean_shortcode_after_top_bar":"","ocean_shortcode_before_header":"","ocean_shortcode_after_header":"","ocean_has_shortcode":"","ocean_shortcode_after_title":"","ocean_shortcode_before_footer_widgets":"","ocean_shortcode_after_footer_widgets":"","ocean_shortcode_before_footer_bottom":"","ocean_shortcode_after_footer_bottom":"","ocean_display_top_bar":"default","ocean_display_header":"default","ocean_header_style":"","ocean_center_header_left_menu":"","ocean_custom_header_template":"","ocean_custom_logo":0,"ocean_custom_retina_logo":0,"ocean_custom_logo_max_width":0,"ocean_custom_logo_tablet_max_width":0,"ocean_custom_logo_mobile_max_width":0,"ocean_custom_logo_max_height":0,"ocean_custom_logo_tablet_max_height":0,"ocean_custom_logo_mobile_max_height":0,"ocean_header_custom_menu":"","ocean_menu_typo_font_family":"","ocean_menu_typo_font_subset":"","ocean_menu_typo_font_size":0,"ocean_menu_typo_font_size_tablet":0,"ocean_menu_typo_font_size_mobile":0,"ocean_menu_typo_font_size_unit":"px","ocean_menu_typo_font_weight":"","ocean_menu_typo_font_weight_tablet":"","ocean_menu_typo_font_weight_mobile":"","ocean_menu_typo_transform":"","ocean_menu_typo_transform_tablet":"","ocean_menu_typo_transform_mobile":"","ocean_menu_typo_line_height":0,"ocean_menu_typo_line_height_tablet":0,"ocean_menu_typo_line_height_mobile":0,"ocean_menu_typo_line_height_unit":"","ocean_menu_typo_spacing":0,"ocean_menu_typo_spacing_tablet":0,"ocean_menu_typo_spacing_mobile":0,"ocean_menu_typo_spacing_unit":"","ocean_menu_link_color":"","ocean_menu_link_color_hover":"","ocean_menu_link_color_active":"","ocean_menu_link_background":"","ocean_menu_link_hover_background":"","ocean_menu_link_active_background":"","ocean_menu_social_links_bg":"","ocean_menu_social_hover_links_bg":"","ocean_menu_social_links_color":"","ocean_menu_social_hover_links_color":"","ocean_disable_title":"default","ocean_disable_heading":"default","ocean_post_title":"","ocean_post_subheading":"","ocean_post_title_style":"","ocean_post_title_background_color":"","ocean_post_title_background":0,"ocean_post_title_bg_image_position":"","ocean_post_title_bg_image_attachment":"","ocean_post_title_bg_image_repeat":"","ocean_post_title_bg_image_size":"","ocean_post_title_height":0,"ocean_post_title_bg_overlay":0.5,"ocean_post_title_bg_overlay_color":"","ocean_disable_breadcrumbs":"default","ocean_breadcrumbs_color":"","ocean_breadcrumbs_separator_color":"","ocean_breadcrumbs_links_color":"","ocean_breadcrumbs_links_hover_color":"","ocean_display_footer_widgets":"default","ocean_display_footer_bottom":"default","ocean_custom_footer_template":"","footnotes":""},"class_list":["post-17013","page","type-page","status-publish","hentry","entry","owp-thumbs-layout-horizontal","owp-btn-big","owp-tabs-layout-vertical","has-no-thumbnails","has-product-nav"],"aioseo_notices":[],"jetpack_sharing_enabled":true,"_links":{"self":[{"href":"https:\/\/oliveraieducoudon.com\/index.php?rest_route=\/wp\/v2\/pages\/17013","targetHints":{"allow":["GET"]}}],"collection":[{"href":"https:\/\/oliveraieducoudon.com\/index.php?rest_route=\/wp\/v2\/pages"}],"about":[{"href":"https:\/\/oliveraieducoudon.com\/index.php?rest_route=\/wp\/v2\/types\/page"}],"author":[{"embeddable":true,"href":"https:\/\/oliveraieducoudon.com\/index.php?rest_route=\/wp\/v2\/users\/1"}],"replies":[{"embeddable":true,"href":"https:\/\/oliveraieducoudon.com\/index.php?rest_route=%2Fwp%2Fv2%2Fcomments&post=17013"}],"version-history":[{"count":10,"href":"https:\/\/oliveraieducoudon.com\/index.php?rest_route=\/wp\/v2\/pages\/17013\/revisions"}],"predecessor-version":[{"id":17045,"href":"https:\/\/oliveraieducoudon.com\/index.php?rest_route=\/wp\/v2\/pages\/17013\/revisions\/17045"}],"wp:attachment":[{"href":"https:\/\/oliveraieducoudon.com\/index.php?rest_route=%2Fwp%2Fv2%2Fmedia&parent=17013"}],"curies":[{"name":"wp","href":"https:\/\/api.w.org\/{rel}","templated":true}]}}